{"id":360395,"date":"2025-11-03T14:27:08","date_gmt":"2025-11-03T13:27:09","guid":{"rendered":"https:\/\/watchbandit.com\/?post_type=product&#038;p=360395"},"modified":"2025-11-03T15:12:03","modified_gmt":"2025-11-03T14:12:03","slug":"audaz-predator-ii-adz-2080-02","status":"publish","type":"product","link":"https:\/\/watch-bandit.com\/de\/produkt\/audaz-predator-ii-adz-2080-02\/","title":{"rendered":"Audaz &#8211; Predator II &#8211; ADZ-2080-02"},"content":{"rendered":"<h1>Audaz Uhren<\/h1>\n<p>AUDAZ ist das lateinische Wort f\u00fcr mutig, und unsere Uhren spiegeln diese Einstellung wider. Der Geist und die DNA der Marke entspringen unserer Lebenseinstellung: Das Abenteuer liegt in uns, lebe es jetzt. Audaz Watches ist spezialisiert auf die Entwicklung professioneller Taucheruhren mit der richtigen Technologie und hochwertigsten Komponenten, um den hohen Anforderungen Ihrer Abenteuer an Deck und unter Wasser standzuhalten. Seit 2016 bietet Audaz Watches erstklassige Qualit\u00e4t, stilvolles Design und solide Verarbeitung zu erschwinglichen Preisen.<\/p>\n","protected":false},"excerpt":{"rendered":"<p>Die Predator II ist die Fortsetzung der \u00e4u\u00dferst beliebten Predator-Serie. Sie wurde speziell f\u00fcr sportliche und rebellische Menschen entwickelt, die sich von der traditionellen runden Uhrenform abheben und stattdessen mit markanteren Zeitmessern ihren Stil unterstreichen m\u00f6chten. Die Predator II besticht durch ihr spektakul\u00e4res Tonneau-Geh\u00e4use aus 316L-Edelstahl mit Ionenplattierung. Die gefr\u00e4sten Vertiefungen auf der L\u00fcnette verleihen ihr einen markanten, industriellen Look. Der leicht gew\u00f6lbte Geh\u00e4useboden sorgt f\u00fcr einen nahtlosen Sitz am Handgelenk, und das geschmeidige Silikonarmband rundet das sportliche Design ab und bietet perfekten Tragekomfort. Das Zifferblatt besticht durch eine faszinierende Kombination aus Skelettierung, Textur, Scheiben und mehreren Ebenen und zeugt von der Vorliebe f\u00fcr modernes High-End-Design. Der Sekundenzeiger dreht sich bei 5 Uhr, w\u00e4hrend der Stundenzeiger bei 9 Uhr sanft rotiert. Das Zifferblatt ist durch ein kratzfestes, gew\u00f6lbtes Saphirglas gesch\u00fctzt. Unter der Haube der sportlichen Predator II arbeitet ein zuverl\u00e4ssiges japanisches Miyota-Automatikwerk mit offenem Herz. Die Uhr ist bis 10 ATM wasserdicht. Die Predator II ist f\u00fcr Menschen, die faszinieren, Grenzen \u00fcberwinden und mit Leidenschaft unaufhaltsam voranschreiten.<\/p>\n<p><strong>Uhrwerk<\/strong>: Miyota 82S7 \u2013 Automatikwerk<br \/>\n<strong>Geh\u00e4use<\/strong>: 44 mm Edelstahl 316L. L\u00e4nge (Bandansto\u00df zu Bandansto\u00df): 53 mm. Dicke: 16,5 mm (inkl. Glas und Geh\u00e4useboden)<br \/>\n<strong>Wasserdichtigkeit<\/strong>: 10 ATM \/ 100 m<br \/>\n<strong>Armband<\/strong>: 23 mm Silikonarmband<br \/>\n<strong>Gewicht<\/strong>: 132 g (mit ungek\u00fcrztem Edelstahlarmband)<\/p>\n","protected":false},"featured_media":360398,"comment_status":"open","ping_status":"closed","template":"","meta":[],"product_cat":[4715,4764,37],"product_tag":[],"yoast_head":"<!-- This site is optimized with the Yoast SEO plugin v21.9 - https:\/\/yoast.com\/wordpress\/plugins\/seo\/ -->\n<title>Audaz - Predator II - ADZ-2080-02 - WATCHBANDIT<\/title>\n<meta name=\"description\" content=\"Zelos Uhren bei WatchBandit kaufen \u2713 Trusted Shops Zertifiziert \u2713 Schweizer Automatik \u2713 Schnelle kostenlose Lieferung \u2713\" \/>\n<meta name=\"robots\" content=\"noindex, follow, max-snippet:-1, max-image-preview:large, max-video-preview:-1\" \/>\n<meta property=\"og:locale\" content=\"de_DE\" \/>\n<meta property=\"og:type\" content=\"article\" \/>\n<meta property=\"og:title\" content=\"Audaz - Predator II - ADZ-2080-02 - WATCHBANDIT\" \/>\n<meta property=\"og:description\" content=\"Zelos Uhren bei WatchBandit kaufen \u2713 Trusted Shops Zertifiziert \u2713 Schweizer Automatik \u2713 Schnelle kostenlose Lieferung \u2713\" \/>\n<meta property=\"og:url\" content=\"https:\/\/watch-bandit.com\/de\/produkt\/audaz-predator-ii-adz-2080-02\/\" \/>\n<meta property=\"og:site_name\" content=\"WATCHBANDIT\" \/>\n<meta property=\"article:modified_time\" content=\"2025-11-03T14:12:03+00:00\" \/>\n<meta property=\"og:image\" content=\"https:\/\/watch-bandit.com\/wp-content\/uploads\/2025\/11\/Audaz-Predator-II-ADZ-2080-02.webp\" \/>\n\t<meta property=\"og:image:width\" content=\"1442\" \/>\n\t<meta property=\"og:image:height\" content=\"1442\" \/>\n\t<meta property=\"og:image:type\" content=\"image\/webp\" \/>\n<meta name=\"twitter:label1\" content=\"Gesch\u00e4tzte Lesezeit\" \/>\n\t<meta name=\"twitter:data1\" content=\"1 Minute\" \/>\n<script type=\"application\/ld+json\" class=\"yoast-schema-graph\">{\"@context\":\"https:\/\/schema.org\",\"@graph\":[{\"@type\":\"WebPage\",\"@id\":\"https:\/\/watch-bandit.com\/de\/produkt\/audaz-predator-ii-adz-2080-02\/\",\"url\":\"https:\/\/watch-bandit.com\/de\/produkt\/audaz-predator-ii-adz-2080-02\/\",\"name\":\"Audaz - Predator II - ADZ-2080-02 - WATCHBANDIT\",\"isPartOf\":{\"@id\":\"https:\/\/watch-bandit.com\/#website\"},\"datePublished\":\"2025-11-03T13:27:09+00:00\",\"dateModified\":\"2025-11-03T14:12:03+00:00\",\"description\":\"Zelos Uhren bei WatchBandit kaufen \u2713 Trusted Shops Zertifiziert \u2713 Schweizer Automatik \u2713 Schnelle kostenlose Lieferung \u2713\",\"breadcrumb\":{\"@id\":\"https:\/\/watch-bandit.com\/de\/produkt\/audaz-predator-ii-adz-2080-02\/#breadcrumb\"},\"inLanguage\":\"de-DE\",\"potentialAction\":[{\"@type\":\"ReadAction\",\"target\":[\"https:\/\/watch-bandit.com\/de\/produkt\/audaz-predator-ii-adz-2080-02\/\"]}]},{\"@type\":\"BreadcrumbList\",\"@id\":\"https:\/\/watch-bandit.com\/de\/produkt\/audaz-predator-ii-adz-2080-02\/#breadcrumb\",\"itemListElement\":[{\"@type\":\"ListItem\",\"position\":1,\"name\":\"Home\",\"item\":\"https:\/\/watchbandit.de\/\"},{\"@type\":\"ListItem\",\"position\":2,\"name\":\"Shop\",\"item\":\"https:\/\/watchbandit.de\/shop\/\"},{\"@type\":\"ListItem\",\"position\":3,\"name\":\"Watches\",\"item\":\"https:\/\/watch-bandit.com\/products\/watches\/\"},{\"@type\":\"ListItem\",\"position\":4,\"name\":\"Audaz\",\"item\":\"https:\/\/watch-bandit.com\/products\/watches\/audaz\/\"},{\"@type\":\"ListItem\",\"position\":5,\"name\":\"Audaz Predator\",\"item\":\"https:\/\/watch-bandit.com\/products\/watches\/audaz\/audaz-predator\/\"},{\"@type\":\"ListItem\",\"position\":6,\"name\":\"Audaz &#8211; Predator II &#8211; ADZ-2080-02\"}]},{\"@type\":\"WebSite\",\"@id\":\"https:\/\/watch-bandit.com\/#website\",\"url\":\"https:\/\/watch-bandit.com\/\",\"name\":\"WATCHBANDIT\",\"description\":\"Contemporary Wrist Accessories\",\"publisher\":{\"@id\":\"https:\/\/watch-bandit.com\/#organization\"},\"potentialAction\":[{\"@type\":\"SearchAction\",\"target\":{\"@type\":\"EntryPoint\",\"urlTemplate\":\"https:\/\/watch-bandit.com\/?s={search_term_string}\"},\"query-input\":\"required name=search_term_string\"}],\"inLanguage\":\"de-DE\"},{\"@type\":\"Organization\",\"@id\":\"https:\/\/watch-bandit.com\/#organization\",\"name\":\"WatchBandit\",\"url\":\"https:\/\/watch-bandit.com\/\",\"logo\":{\"@type\":\"ImageObject\",\"inLanguage\":\"de-DE\",\"@id\":\"https:\/\/watch-bandit.com\/#\/schema\/logo\/image\/\",\"url\":\"https:\/\/watchbandit.de\/wp-content\/uploads\/2017\/11\/WB_Logo_557x124.png\",\"contentUrl\":\"https:\/\/watchbandit.de\/wp-content\/uploads\/2017\/11\/WB_Logo_557x124.png\",\"width\":557,\"height\":124,\"caption\":\"WatchBandit\"},\"image\":{\"@id\":\"https:\/\/watch-bandit.com\/#\/schema\/logo\/image\/\"}}]}<\/script>\n<!-- \/ Yoast SEO plugin. -->","yoast_head_json":{"title":"Audaz - Predator II - ADZ-2080-02 - WATCHBANDIT","description":"Zelos Uhren bei WatchBandit kaufen \u2713 Trusted Shops Zertifiziert \u2713 Schweizer Automatik \u2713 Schnelle kostenlose Lieferung \u2713","robots":{"index":"noindex","follow":"follow","max-snippet":"max-snippet:-1","max-image-preview":"max-image-preview:large","max-video-preview":"max-video-preview:-1"},"og_locale":"de_DE","og_type":"article","og_title":"Audaz - Predator II - ADZ-2080-02 - WATCHBANDIT","og_description":"Zelos Uhren bei WatchBandit kaufen \u2713 Trusted Shops Zertifiziert \u2713 Schweizer Automatik \u2713 Schnelle kostenlose Lieferung \u2713","og_url":"https:\/\/watch-bandit.com\/de\/produkt\/audaz-predator-ii-adz-2080-02\/","og_site_name":"WATCHBANDIT","article_modified_time":"2025-11-03T14:12:03+00:00","og_image":[{"width":1442,"height":1442,"url":"https:\/\/watch-bandit.com\/wp-content\/uploads\/2025\/11\/Audaz-Predator-II-ADZ-2080-02.webp","type":"image\/webp"}],"twitter_misc":{"Gesch\u00e4tzte Lesezeit":"1 Minute"},"schema":{"@context":"https:\/\/schema.org","@graph":[{"@type":"WebPage","@id":"https:\/\/watch-bandit.com\/de\/produkt\/audaz-predator-ii-adz-2080-02\/","url":"https:\/\/watch-bandit.com\/de\/produkt\/audaz-predator-ii-adz-2080-02\/","name":"Audaz - Predator II - ADZ-2080-02 - WATCHBANDIT","isPartOf":{"@id":"https:\/\/watch-bandit.com\/#website"},"datePublished":"2025-11-03T13:27:09+00:00","dateModified":"2025-11-03T14:12:03+00:00","description":"Zelos Uhren bei WatchBandit kaufen \u2713 Trusted Shops Zertifiziert \u2713 Schweizer Automatik \u2713 Schnelle kostenlose Lieferung \u2713","breadcrumb":{"@id":"https:\/\/watch-bandit.com\/de\/produkt\/audaz-predator-ii-adz-2080-02\/#breadcrumb"},"inLanguage":"de-DE","potentialAction":[{"@type":"ReadAction","target":["https:\/\/watch-bandit.com\/de\/produkt\/audaz-predator-ii-adz-2080-02\/"]}]},{"@type":"BreadcrumbList","@id":"https:\/\/watch-bandit.com\/de\/produkt\/audaz-predator-ii-adz-2080-02\/#breadcrumb","itemListElement":[{"@type":"ListItem","position":1,"name":"Home","item":"https:\/\/watchbandit.de\/"},{"@type":"ListItem","position":2,"name":"Shop","item":"https:\/\/watchbandit.de\/shop\/"},{"@type":"ListItem","position":3,"name":"Watches","item":"https:\/\/watch-bandit.com\/products\/watches\/"},{"@type":"ListItem","position":4,"name":"Audaz","item":"https:\/\/watch-bandit.com\/products\/watches\/audaz\/"},{"@type":"ListItem","position":5,"name":"Audaz Predator","item":"https:\/\/watch-bandit.com\/products\/watches\/audaz\/audaz-predator\/"},{"@type":"ListItem","position":6,"name":"Audaz &#8211; Predator II &#8211; ADZ-2080-02"}]},{"@type":"WebSite","@id":"https:\/\/watch-bandit.com\/#website","url":"https:\/\/watch-bandit.com\/","name":"WATCHBANDIT","description":"Contemporary Wrist Accessories","publisher":{"@id":"https:\/\/watch-bandit.com\/#organization"},"potentialAction":[{"@type":"SearchAction","target":{"@type":"EntryPoint","urlTemplate":"https:\/\/watch-bandit.com\/?s={search_term_string}"},"query-input":"required name=search_term_string"}],"inLanguage":"de-DE"},{"@type":"Organization","@id":"https:\/\/watch-bandit.com\/#organization","name":"WatchBandit","url":"https:\/\/watch-bandit.com\/","logo":{"@type":"ImageObject","inLanguage":"de-DE","@id":"https:\/\/watch-bandit.com\/#\/schema\/logo\/image\/","url":"https:\/\/watchbandit.de\/wp-content\/uploads\/2017\/11\/WB_Logo_557x124.png","contentUrl":"https:\/\/watchbandit.de\/wp-content\/uploads\/2017\/11\/WB_Logo_557x124.png","width":557,"height":124,"caption":"WatchBandit"},"image":{"@id":"https:\/\/watch-bandit.com\/#\/schema\/logo\/image\/"}}]}},"_links":{"self":[{"href":"https:\/\/watch-bandit.com\/de\/wp-json\/wp\/v2\/product\/360395"}],"collection":[{"href":"https:\/\/watch-bandit.com\/de\/wp-json\/wp\/v2\/product"}],"about":[{"href":"https:\/\/watch-bandit.com\/de\/wp-json\/wp\/v2\/types\/product"}],"replies":[{"embeddable":true,"href":"https:\/\/watch-bandit.com\/de\/wp-json\/wp\/v2\/comments?post=360395"}],"wp:featuredmedia":[{"embeddable":true,"href":"https:\/\/watch-bandit.com\/de\/wp-json\/wp\/v2\/media\/360398"}],"wp:attachment":[{"href":"https:\/\/watch-bandit.com\/de\/wp-json\/wp\/v2\/media?parent=360395"}],"wp:term":[{"taxonomy":"product_cat","embeddable":true,"href":"https:\/\/watch-bandit.com\/de\/wp-json\/wp\/v2\/product_cat?post=360395"},{"taxonomy":"product_tag","embeddable":true,"href":"https:\/\/watch-bandit.com\/de\/wp-json\/wp\/v2\/product_tag?post=360395"}],"curies":[{"name":"wp","href":"https:\/\/api.w.org\/{rel}","templated":true}]}}