{"id":360472,"date":"2025-11-04T11:27:58","date_gmt":"2025-11-04T10:27:58","guid":{"rendered":"https:\/\/watchbandit.com\/?post_type=product&#038;p=360472"},"modified":"2026-01-25T00:08:05","modified_gmt":"2026-01-24T23:08:05","slug":"second-hour-the-fusion-white","status":"publish","type":"product","link":"https:\/\/watch-bandit.com\/de\/produkt\/second-hour-the-fusion-white\/","title":{"rendered":"Second Hour &#8211; The Fusion &#8211; White"},"content":{"rendered":"","protected":false},"excerpt":{"rendered":"<p>Schlanke, elegante Linien treffen auf stilvolle Zifferbl\u00e4tter und eine Oberfl\u00e4chenh\u00e4rtung, die optimalen Schutz vor den Belastungen des Alltags bietet. Die Fusion vereint das ultraschlanke Geh\u00e4use und das erstklassige Armband der Sattelberg Mk2 mit den raffinierten Details und verspielten Farben der Mandala und schafft so etwas Neues und Einzigartiges. Mit ihrem kunstvoll gestalteten Geh\u00e4useboden, der die Verschmelzung zweier Kreisformen aufgreift und damit die Designherkunft widerspiegelt, setzt die Fusion neue Ma\u00dfst\u00e4be und besticht durch ihre makellose Verarbeitung sowie unsere stets formsch\u00f6nen Zifferbl\u00e4tter und Zeiger.<\/p>\n<p><strong>Uhrwerk<\/strong>: Reguliertes Miyota 9015 Automatikwerk (42 Stunden Gangreserve)<br \/>\n<strong>Geh\u00e4use<\/strong>: Oberfl\u00e4chengeh\u00e4rteter Edelstahl 316L (1200 Vickers) \u2013 Ihre Uhr bleibt so makellos wie am ersten Tag. 40 mm Durchmesser, 10,5 mm Dicke (inkl. Glas), 47 mm Bandansto\u00df zu Bandansto\u00df f\u00fcr optimalen Tragekomfort.<br \/>\n<strong>Wasserdichtigkeit<\/strong>: 100 Meter mit verschraubter Krone, 10 ATM \/ 330 Fu\u00df<br \/>\n<strong>Armband<\/strong>: Schraubverschluss, 7-gliedriges Armband mit Schnellwechsel-Federstegen<\/p>\n","protected":false},"featured_media":360474,"comment_status":"open","ping_status":"closed","template":"","meta":[],"product_cat":[4256,4781,37],"product_tag":[],"yoast_head":"<!-- This site is optimized with the Yoast SEO plugin v21.9 - https:\/\/yoast.com\/wordpress\/plugins\/seo\/ -->\n<title>Second Hour - The Fusion - White - WATCHBANDIT<\/title>\n<meta name=\"description\" content=\"Second Hour Watches bei WatchBandit kaufen\u2714\ufe0fAutorisierter H\u00e4ndler\u2714\ufe0fMechanisch\u2714\ufe0fkostenlose &amp; schnelle Lieferung\u2714\ufe0fTrusted Shops\u2714\ufe0f\" \/>\n<meta name=\"robots\" content=\"noindex, follow, max-snippet:-1, max-image-preview:large, max-video-preview:-1\" \/>\n<meta property=\"og:locale\" content=\"de_DE\" \/>\n<meta property=\"og:type\" content=\"article\" \/>\n<meta property=\"og:title\" content=\"Second Hour - The Fusion - White - WATCHBANDIT\" \/>\n<meta property=\"og:description\" content=\"Second Hour Watches bei WatchBandit kaufen\u2714\ufe0fAutorisierter H\u00e4ndler\u2714\ufe0fMechanisch\u2714\ufe0fkostenlose &amp; schnelle Lieferung\u2714\ufe0fTrusted Shops\u2714\ufe0f\" \/>\n<meta property=\"og:url\" content=\"https:\/\/watch-bandit.com\/de\/produkt\/second-hour-the-fusion-white\/\" \/>\n<meta property=\"og:site_name\" content=\"WATCHBANDIT\" \/>\n<meta property=\"article:modified_time\" content=\"2026-01-24T23:08:05+00:00\" \/>\n<meta property=\"og:image\" content=\"https:\/\/watch-bandit.com\/wp-content\/uploads\/2025\/11\/Second-Hour-The-Fusion-White.webp\" \/>\n\t<meta property=\"og:image:width\" content=\"750\" \/>\n\t<meta property=\"og:image:height\" content=\"749\" \/>\n\t<meta property=\"og:image:type\" content=\"image\/webp\" \/>\n<meta name=\"twitter:label1\" content=\"Gesch\u00e4tzte Lesezeit\" \/>\n\t<meta name=\"twitter:data1\" content=\"1 Minute\" \/>\n<script type=\"application\/ld+json\" class=\"yoast-schema-graph\">{\"@context\":\"https:\/\/schema.org\",\"@graph\":[{\"@type\":\"WebPage\",\"@id\":\"https:\/\/watch-bandit.com\/de\/produkt\/second-hour-the-fusion-white\/\",\"url\":\"https:\/\/watch-bandit.com\/de\/produkt\/second-hour-the-fusion-white\/\",\"name\":\"Second Hour - The Fusion - White - WATCHBANDIT\",\"isPartOf\":{\"@id\":\"https:\/\/watch-bandit.com\/#website\"},\"datePublished\":\"2025-11-04T10:27:58+00:00\",\"dateModified\":\"2026-01-24T23:08:05+00:00\",\"description\":\"Second Hour Watches bei WatchBandit kaufen\u2714\ufe0fAutorisierter H\u00e4ndler\u2714\ufe0fMechanisch\u2714\ufe0fkostenlose & schnelle Lieferung\u2714\ufe0fTrusted Shops\u2714\ufe0f\",\"breadcrumb\":{\"@id\":\"https:\/\/watch-bandit.com\/de\/produkt\/second-hour-the-fusion-white\/#breadcrumb\"},\"inLanguage\":\"de-DE\",\"potentialAction\":[{\"@type\":\"ReadAction\",\"target\":[\"https:\/\/watch-bandit.com\/de\/produkt\/second-hour-the-fusion-white\/\"]}]},{\"@type\":\"BreadcrumbList\",\"@id\":\"https:\/\/watch-bandit.com\/de\/produkt\/second-hour-the-fusion-white\/#breadcrumb\",\"itemListElement\":[{\"@type\":\"ListItem\",\"position\":1,\"name\":\"Home\",\"item\":\"https:\/\/watchbandit.de\/\"},{\"@type\":\"ListItem\",\"position\":2,\"name\":\"Shop\",\"item\":\"https:\/\/watchbandit.de\/shop\/\"},{\"@type\":\"ListItem\",\"position\":3,\"name\":\"Watches\",\"item\":\"https:\/\/watch-bandit.com\/products\/watches\/\"},{\"@type\":\"ListItem\",\"position\":4,\"name\":\"Second Hour\",\"item\":\"https:\/\/watch-bandit.com\/products\/watches\/second-hour\/\"},{\"@type\":\"ListItem\",\"position\":5,\"name\":\"Second Hour The Fusion\",\"item\":\"https:\/\/watch-bandit.com\/products\/watches\/second-hour\/second-hour-the-fusion\/\"},{\"@type\":\"ListItem\",\"position\":6,\"name\":\"Second Hour &#8211; The Fusion &#8211; White\"}]},{\"@type\":\"WebSite\",\"@id\":\"https:\/\/watch-bandit.com\/#website\",\"url\":\"https:\/\/watch-bandit.com\/\",\"name\":\"WATCHBANDIT\",\"description\":\"Contemporary Wrist Accessories\",\"publisher\":{\"@id\":\"https:\/\/watch-bandit.com\/#organization\"},\"potentialAction\":[{\"@type\":\"SearchAction\",\"target\":{\"@type\":\"EntryPoint\",\"urlTemplate\":\"https:\/\/watch-bandit.com\/?s={search_term_string}\"},\"query-input\":\"required name=search_term_string\"}],\"inLanguage\":\"de-DE\"},{\"@type\":\"Organization\",\"@id\":\"https:\/\/watch-bandit.com\/#organization\",\"name\":\"WatchBandit\",\"url\":\"https:\/\/watch-bandit.com\/\",\"logo\":{\"@type\":\"ImageObject\",\"inLanguage\":\"de-DE\",\"@id\":\"https:\/\/watch-bandit.com\/#\/schema\/logo\/image\/\",\"url\":\"https:\/\/watchbandit.de\/wp-content\/uploads\/2017\/11\/WB_Logo_557x124.png\",\"contentUrl\":\"https:\/\/watchbandit.de\/wp-content\/uploads\/2017\/11\/WB_Logo_557x124.png\",\"width\":557,\"height\":124,\"caption\":\"WatchBandit\"},\"image\":{\"@id\":\"https:\/\/watch-bandit.com\/#\/schema\/logo\/image\/\"}}]}<\/script>\n<!-- \/ Yoast SEO plugin. -->","yoast_head_json":{"title":"Second Hour - The Fusion - White - WATCHBANDIT","description":"Second Hour Watches bei WatchBandit kaufen\u2714\ufe0fAutorisierter H\u00e4ndler\u2714\ufe0fMechanisch\u2714\ufe0fkostenlose & schnelle Lieferung\u2714\ufe0fTrusted Shops\u2714\ufe0f","robots":{"index":"noindex","follow":"follow","max-snippet":"max-snippet:-1","max-image-preview":"max-image-preview:large","max-video-preview":"max-video-preview:-1"},"og_locale":"de_DE","og_type":"article","og_title":"Second Hour - The Fusion - White - WATCHBANDIT","og_description":"Second Hour Watches bei WatchBandit kaufen\u2714\ufe0fAutorisierter H\u00e4ndler\u2714\ufe0fMechanisch\u2714\ufe0fkostenlose & schnelle Lieferung\u2714\ufe0fTrusted Shops\u2714\ufe0f","og_url":"https:\/\/watch-bandit.com\/de\/produkt\/second-hour-the-fusion-white\/","og_site_name":"WATCHBANDIT","article_modified_time":"2026-01-24T23:08:05+00:00","og_image":[{"width":750,"height":749,"url":"https:\/\/watch-bandit.com\/wp-content\/uploads\/2025\/11\/Second-Hour-The-Fusion-White.webp","type":"image\/webp"}],"twitter_misc":{"Gesch\u00e4tzte Lesezeit":"1 Minute"},"schema":{"@context":"https:\/\/schema.org","@graph":[{"@type":"WebPage","@id":"https:\/\/watch-bandit.com\/de\/produkt\/second-hour-the-fusion-white\/","url":"https:\/\/watch-bandit.com\/de\/produkt\/second-hour-the-fusion-white\/","name":"Second Hour - The Fusion - White - WATCHBANDIT","isPartOf":{"@id":"https:\/\/watch-bandit.com\/#website"},"datePublished":"2025-11-04T10:27:58+00:00","dateModified":"2026-01-24T23:08:05+00:00","description":"Second Hour Watches bei WatchBandit kaufen\u2714\ufe0fAutorisierter H\u00e4ndler\u2714\ufe0fMechanisch\u2714\ufe0fkostenlose & schnelle Lieferung\u2714\ufe0fTrusted Shops\u2714\ufe0f","breadcrumb":{"@id":"https:\/\/watch-bandit.com\/de\/produkt\/second-hour-the-fusion-white\/#breadcrumb"},"inLanguage":"de-DE","potentialAction":[{"@type":"ReadAction","target":["https:\/\/watch-bandit.com\/de\/produkt\/second-hour-the-fusion-white\/"]}]},{"@type":"BreadcrumbList","@id":"https:\/\/watch-bandit.com\/de\/produkt\/second-hour-the-fusion-white\/#breadcrumb","itemListElement":[{"@type":"ListItem","position":1,"name":"Home","item":"https:\/\/watchbandit.de\/"},{"@type":"ListItem","position":2,"name":"Shop","item":"https:\/\/watchbandit.de\/shop\/"},{"@type":"ListItem","position":3,"name":"Watches","item":"https:\/\/watch-bandit.com\/products\/watches\/"},{"@type":"ListItem","position":4,"name":"Second Hour","item":"https:\/\/watch-bandit.com\/products\/watches\/second-hour\/"},{"@type":"ListItem","position":5,"name":"Second Hour The Fusion","item":"https:\/\/watch-bandit.com\/products\/watches\/second-hour\/second-hour-the-fusion\/"},{"@type":"ListItem","position":6,"name":"Second Hour &#8211; The Fusion &#8211; White"}]},{"@type":"WebSite","@id":"https:\/\/watch-bandit.com\/#website","url":"https:\/\/watch-bandit.com\/","name":"WATCHBANDIT","description":"Contemporary Wrist Accessories","publisher":{"@id":"https:\/\/watch-bandit.com\/#organization"},"potentialAction":[{"@type":"SearchAction","target":{"@type":"EntryPoint","urlTemplate":"https:\/\/watch-bandit.com\/?s={search_term_string}"},"query-input":"required name=search_term_string"}],"inLanguage":"de-DE"},{"@type":"Organization","@id":"https:\/\/watch-bandit.com\/#organization","name":"WatchBandit","url":"https:\/\/watch-bandit.com\/","logo":{"@type":"ImageObject","inLanguage":"de-DE","@id":"https:\/\/watch-bandit.com\/#\/schema\/logo\/image\/","url":"https:\/\/watchbandit.de\/wp-content\/uploads\/2017\/11\/WB_Logo_557x124.png","contentUrl":"https:\/\/watchbandit.de\/wp-content\/uploads\/2017\/11\/WB_Logo_557x124.png","width":557,"height":124,"caption":"WatchBandit"},"image":{"@id":"https:\/\/watch-bandit.com\/#\/schema\/logo\/image\/"}}]}},"_links":{"self":[{"href":"https:\/\/watch-bandit.com\/de\/wp-json\/wp\/v2\/product\/360472"}],"collection":[{"href":"https:\/\/watch-bandit.com\/de\/wp-json\/wp\/v2\/product"}],"about":[{"href":"https:\/\/watch-bandit.com\/de\/wp-json\/wp\/v2\/types\/product"}],"replies":[{"embeddable":true,"href":"https:\/\/watch-bandit.com\/de\/wp-json\/wp\/v2\/comments?post=360472"}],"wp:featuredmedia":[{"embeddable":true,"href":"https:\/\/watch-bandit.com\/de\/wp-json\/wp\/v2\/media\/360474"}],"wp:attachment":[{"href":"https:\/\/watch-bandit.com\/de\/wp-json\/wp\/v2\/media?parent=360472"}],"wp:term":[{"taxonomy":"product_cat","embeddable":true,"href":"https:\/\/watch-bandit.com\/de\/wp-json\/wp\/v2\/product_cat?post=360472"},{"taxonomy":"product_tag","embeddable":true,"href":"https:\/\/watch-bandit.com\/de\/wp-json\/wp\/v2\/product_tag?post=360472"}],"curies":[{"name":"wp","href":"https:\/\/api.w.org\/{rel}","templated":true}]}}