{"id":360641,"date":"2025-11-04T18:26:56","date_gmt":"2025-11-04T17:26:57","guid":{"rendered":"https:\/\/watchbandit.com\/?post_type=product&#038;p=360641"},"modified":"2025-11-04T18:52:05","modified_gmt":"2025-11-04T17:52:05","slug":"circula-prosea-blau","status":"publish","type":"product","link":"https:\/\/watch-bandit.com\/de\/produkt\/circula-prosea-blau\/","title":{"rendered":"Circula \u2013 ProSea &#8211; Blau"},"content":{"rendered":"<h3>CIRCULA 1955<\/h3>\n<p>Mit pr\u00e4ziser Uhrmacherkunst und hochwertigen Materialien schafft Circula au\u00dfergew\u00f6hnliche Meisterst\u00fccke. Gefertigt in Pforzheim, Made in Germany mit gr\u00f6\u00dfter Liebe zum Detail.<\/p>\n<div class=\"fusion-text\">\n<h3 data-fontsize=\"34\" data-lineheight=\"40\">Qualit\u00e4t, handgefertigt in Deutschland<\/h3>\n<\/div>\n<div class=\"fusion-text\">\n<p>Circula gestaltet, entwickelt und baut alle Uhren in der Goldstadt Pforzheim, wo Circula 1955 gegr\u00fcndet wurde. Die Uhren sind Made in Germany und es werden nur hochwertige Materialien aus verantwortungsvollen Quellen verbaut. So k\u00f6nnen sie sicherstellen, dass ihre hohen Qualit\u00e4tsanspr\u00fcche eingehalten werden. Ihre erfahrenen Uhrmacher bauen dort auch die historischen P.U.W. Werke aufw\u00e4ndig von Hand neu zusammen.<\/p>\n<p>In Deutschland handgefertigte Lederb\u00e4nder mit Schnellwechselsystem. Das geschmeidige Leder kommt aus Gerbereien in S\u00fcddeutschland und wird umweltfreundlich, pflanzlich gegerbt. Auch <a href=\"https:\/\/watchbandit.de\/produkte\/uhrenarmbaender\/uhrarmband-marken\/wb-original-de\/\" target=\"_blank\" rel=\"noopener noreferrer\"><strong>Watchbandit Original Uhrenarmb\u00e4nder<\/strong><\/a> passen perfekt zum Circula Uhrendesign.<\/p>\n<p>Wir liefern unsere Uhren mit einem Zertifikat, das Echtheit und Qualit\u00e4t garantiert. Auf jede Circula gew\u00e4hren wir selbstverst\u00e4ndlich eine Garantie von zwei Jahren.<\/p>\n<\/div>\n","protected":false},"excerpt":{"rendered":"<p>Die Circula ProSea ist eine moderne, robuste Taucheruhr, die f\u00fcr Expeditionen \u00fcber und unter Wasser entwickelt wurde. Ihr handgestrahltes, geh\u00e4rtetes Edelstahlgeh\u00e4use mit seitlichen Aussparungen und einer Keramikl\u00fcnette sch\u00fctzt das pr\u00e4zise Schweizer Sellita SW200-1 Elabor\u00e9-Uhrwerk. Das vom Mantarochen inspirierte Zifferblatt, die Leuchtzeiger und das gew\u00f6lbte Saphirglas garantieren hervorragende Ablesbarkeit und Langlebigkeit und machen sie zum idealen Begleiter f\u00fcr jedes maritime Abenteuer.<\/p>\n<p><strong>Uhrwerk<\/strong>: Schweizer Automatikwerk, Kaliber Sellita SW 200-1 Elabor\u00e9 Grade<br \/>\n<strong>Geh\u00e4use<\/strong>: Sandgestrahlter Edelstahl 316L, 40 mm Durchmesser, 46 mm Bandansto\u00df zu Bandansto\u00df, 12,9 mm inkl. Hochwertiges, kratzfestes Saphirglas mit Oberfl\u00e4chenh\u00e4rtung bis 1200 Vickers, leicht gew\u00f6lbt und doppelt entspiegelt, Zeiger und Indizes mit Schweizer Super-LumiNova\u00ae C3 (gr\u00fcnes Nachleuchten) der h\u00f6chsten Qualit\u00e4tsstufe X1, einseitig drehbare L\u00fcnette mit 120 Klicks und Keramikeinlage, Kugellager<br \/>\n<strong>Armband<\/strong>: Segeltuch\/Kautschuk mit Schnellwechselsystem und geh\u00e4rteter Dornschlie\u00dfe<br \/>\n<strong>Wasserdichtigkeit<\/strong>: 20 ATM \/ 1200 Meter, verschraubte Krone<\/p>\n","protected":false},"featured_media":360643,"comment_status":"open","ping_status":"closed","template":"","meta":[],"product_cat":[3624,4788,37],"product_tag":[],"yoast_head":"<!-- This site is optimized with the Yoast SEO plugin v21.9 - https:\/\/yoast.com\/wordpress\/plugins\/seo\/ -->\n<title>Circula \u2013 ProSea - Blau - WATCHBANDIT<\/title>\n<meta name=\"description\" content=\"CIRCULA Uhren bei WatchBandit kaufen \u2705 Made in Germany \ud83c\udde9\ud83c\uddea Autorisierter H\u00e4ndler \u2705 Trusted Shops \u2705 kostenlose Lieferung \u2705 Passion f\u00fcr Uhren seit 2014 \u2705\" \/>\n<meta name=\"robots\" content=\"noindex, follow, max-snippet:-1, max-image-preview:large, max-video-preview:-1\" \/>\n<meta property=\"og:locale\" content=\"de_DE\" \/>\n<meta property=\"og:type\" content=\"article\" \/>\n<meta property=\"og:title\" content=\"Circula \u2013 ProSea - Blau - WATCHBANDIT\" \/>\n<meta property=\"og:description\" content=\"CIRCULA Uhren bei WatchBandit kaufen \u2705 Made in Germany \ud83c\udde9\ud83c\uddea Autorisierter H\u00e4ndler \u2705 Trusted Shops \u2705 kostenlose Lieferung \u2705 Passion f\u00fcr Uhren seit 2014 \u2705\" \/>\n<meta property=\"og:url\" content=\"https:\/\/watch-bandit.com\/de\/produkt\/circula-prosea-blau\/\" \/>\n<meta property=\"og:site_name\" content=\"WATCHBANDIT\" \/>\n<meta property=\"article:modified_time\" content=\"2025-11-04T17:52:05+00:00\" \/>\n<meta property=\"og:image\" content=\"https:\/\/watch-bandit.com\/wp-content\/uploads\/2025\/11\/Circula-ProSea-Blue.webp\" \/>\n\t<meta property=\"og:image:width\" content=\"1400\" \/>\n\t<meta property=\"og:image:height\" content=\"1700\" \/>\n\t<meta property=\"og:image:type\" content=\"image\/webp\" \/>\n<meta name=\"twitter:label1\" content=\"Gesch\u00e4tzte Lesezeit\" \/>\n\t<meta name=\"twitter:data1\" content=\"1 Minute\" \/>\n<script type=\"application\/ld+json\" class=\"yoast-schema-graph\">{\"@context\":\"https:\/\/schema.org\",\"@graph\":[{\"@type\":\"WebPage\",\"@id\":\"https:\/\/watch-bandit.com\/de\/produkt\/circula-prosea-blau\/\",\"url\":\"https:\/\/watch-bandit.com\/de\/produkt\/circula-prosea-blau\/\",\"name\":\"Circula \u2013 ProSea - Blau - WATCHBANDIT\",\"isPartOf\":{\"@id\":\"https:\/\/watch-bandit.com\/#website\"},\"datePublished\":\"2025-11-04T17:26:57+00:00\",\"dateModified\":\"2025-11-04T17:52:05+00:00\",\"description\":\"CIRCULA Uhren bei WatchBandit kaufen \u2705 Made in Germany \ud83c\udde9\ud83c\uddea Autorisierter H\u00e4ndler \u2705 Trusted Shops \u2705 kostenlose Lieferung \u2705 Passion f\u00fcr Uhren seit 2014 \u2705\",\"breadcrumb\":{\"@id\":\"https:\/\/watch-bandit.com\/de\/produkt\/circula-prosea-blau\/#breadcrumb\"},\"inLanguage\":\"de-DE\",\"potentialAction\":[{\"@type\":\"ReadAction\",\"target\":[\"https:\/\/watch-bandit.com\/de\/produkt\/circula-prosea-blau\/\"]}]},{\"@type\":\"BreadcrumbList\",\"@id\":\"https:\/\/watch-bandit.com\/de\/produkt\/circula-prosea-blau\/#breadcrumb\",\"itemListElement\":[{\"@type\":\"ListItem\",\"position\":1,\"name\":\"Home\",\"item\":\"https:\/\/watchbandit.de\/\"},{\"@type\":\"ListItem\",\"position\":2,\"name\":\"Shop\",\"item\":\"https:\/\/watchbandit.de\/shop\/\"},{\"@type\":\"ListItem\",\"position\":3,\"name\":\"Watches\",\"item\":\"https:\/\/watch-bandit.com\/products\/watches\/\"},{\"@type\":\"ListItem\",\"position\":4,\"name\":\"Circula\",\"item\":\"https:\/\/watch-bandit.com\/products\/watches\/circula\/\"},{\"@type\":\"ListItem\",\"position\":5,\"name\":\"Circula ProSea\",\"item\":\"https:\/\/watch-bandit.com\/products\/watches\/circula\/circula-prosea\/\"},{\"@type\":\"ListItem\",\"position\":6,\"name\":\"Circula \u2013 ProSea &#8211; Blau\"}]},{\"@type\":\"WebSite\",\"@id\":\"https:\/\/watch-bandit.com\/#website\",\"url\":\"https:\/\/watch-bandit.com\/\",\"name\":\"WATCHBANDIT\",\"description\":\"Contemporary Wrist Accessories\",\"publisher\":{\"@id\":\"https:\/\/watch-bandit.com\/#organization\"},\"potentialAction\":[{\"@type\":\"SearchAction\",\"target\":{\"@type\":\"EntryPoint\",\"urlTemplate\":\"https:\/\/watch-bandit.com\/?s={search_term_string}\"},\"query-input\":\"required name=search_term_string\"}],\"inLanguage\":\"de-DE\"},{\"@type\":\"Organization\",\"@id\":\"https:\/\/watch-bandit.com\/#organization\",\"name\":\"WatchBandit\",\"url\":\"https:\/\/watch-bandit.com\/\",\"logo\":{\"@type\":\"ImageObject\",\"inLanguage\":\"de-DE\",\"@id\":\"https:\/\/watch-bandit.com\/#\/schema\/logo\/image\/\",\"url\":\"https:\/\/watchbandit.de\/wp-content\/uploads\/2017\/11\/WB_Logo_557x124.png\",\"contentUrl\":\"https:\/\/watchbandit.de\/wp-content\/uploads\/2017\/11\/WB_Logo_557x124.png\",\"width\":557,\"height\":124,\"caption\":\"WatchBandit\"},\"image\":{\"@id\":\"https:\/\/watch-bandit.com\/#\/schema\/logo\/image\/\"}}]}<\/script>\n<!-- \/ Yoast SEO plugin. -->","yoast_head_json":{"title":"Circula \u2013 ProSea - Blau - WATCHBANDIT","description":"CIRCULA Uhren bei WatchBandit kaufen \u2705 Made in Germany \ud83c\udde9\ud83c\uddea Autorisierter H\u00e4ndler \u2705 Trusted Shops \u2705 kostenlose Lieferung \u2705 Passion f\u00fcr Uhren seit 2014 \u2705","robots":{"index":"noindex","follow":"follow","max-snippet":"max-snippet:-1","max-image-preview":"max-image-preview:large","max-video-preview":"max-video-preview:-1"},"og_locale":"de_DE","og_type":"article","og_title":"Circula \u2013 ProSea - Blau - WATCHBANDIT","og_description":"CIRCULA Uhren bei WatchBandit kaufen \u2705 Made in Germany \ud83c\udde9\ud83c\uddea Autorisierter H\u00e4ndler \u2705 Trusted Shops \u2705 kostenlose Lieferung \u2705 Passion f\u00fcr Uhren seit 2014 \u2705","og_url":"https:\/\/watch-bandit.com\/de\/produkt\/circula-prosea-blau\/","og_site_name":"WATCHBANDIT","article_modified_time":"2025-11-04T17:52:05+00:00","og_image":[{"width":1400,"height":1700,"url":"https:\/\/watch-bandit.com\/wp-content\/uploads\/2025\/11\/Circula-ProSea-Blue.webp","type":"image\/webp"}],"twitter_misc":{"Gesch\u00e4tzte Lesezeit":"1 Minute"},"schema":{"@context":"https:\/\/schema.org","@graph":[{"@type":"WebPage","@id":"https:\/\/watch-bandit.com\/de\/produkt\/circula-prosea-blau\/","url":"https:\/\/watch-bandit.com\/de\/produkt\/circula-prosea-blau\/","name":"Circula \u2013 ProSea - Blau - WATCHBANDIT","isPartOf":{"@id":"https:\/\/watch-bandit.com\/#website"},"datePublished":"2025-11-04T17:26:57+00:00","dateModified":"2025-11-04T17:52:05+00:00","description":"CIRCULA Uhren bei WatchBandit kaufen \u2705 Made in Germany \ud83c\udde9\ud83c\uddea Autorisierter H\u00e4ndler \u2705 Trusted Shops \u2705 kostenlose Lieferung \u2705 Passion f\u00fcr Uhren seit 2014 \u2705","breadcrumb":{"@id":"https:\/\/watch-bandit.com\/de\/produkt\/circula-prosea-blau\/#breadcrumb"},"inLanguage":"de-DE","potentialAction":[{"@type":"ReadAction","target":["https:\/\/watch-bandit.com\/de\/produkt\/circula-prosea-blau\/"]}]},{"@type":"BreadcrumbList","@id":"https:\/\/watch-bandit.com\/de\/produkt\/circula-prosea-blau\/#breadcrumb","itemListElement":[{"@type":"ListItem","position":1,"name":"Home","item":"https:\/\/watchbandit.de\/"},{"@type":"ListItem","position":2,"name":"Shop","item":"https:\/\/watchbandit.de\/shop\/"},{"@type":"ListItem","position":3,"name":"Watches","item":"https:\/\/watch-bandit.com\/products\/watches\/"},{"@type":"ListItem","position":4,"name":"Circula","item":"https:\/\/watch-bandit.com\/products\/watches\/circula\/"},{"@type":"ListItem","position":5,"name":"Circula ProSea","item":"https:\/\/watch-bandit.com\/products\/watches\/circula\/circula-prosea\/"},{"@type":"ListItem","position":6,"name":"Circula \u2013 ProSea &#8211; Blau"}]},{"@type":"WebSite","@id":"https:\/\/watch-bandit.com\/#website","url":"https:\/\/watch-bandit.com\/","name":"WATCHBANDIT","description":"Contemporary Wrist Accessories","publisher":{"@id":"https:\/\/watch-bandit.com\/#organization"},"potentialAction":[{"@type":"SearchAction","target":{"@type":"EntryPoint","urlTemplate":"https:\/\/watch-bandit.com\/?s={search_term_string}"},"query-input":"required name=search_term_string"}],"inLanguage":"de-DE"},{"@type":"Organization","@id":"https:\/\/watch-bandit.com\/#organization","name":"WatchBandit","url":"https:\/\/watch-bandit.com\/","logo":{"@type":"ImageObject","inLanguage":"de-DE","@id":"https:\/\/watch-bandit.com\/#\/schema\/logo\/image\/","url":"https:\/\/watchbandit.de\/wp-content\/uploads\/2017\/11\/WB_Logo_557x124.png","contentUrl":"https:\/\/watchbandit.de\/wp-content\/uploads\/2017\/11\/WB_Logo_557x124.png","width":557,"height":124,"caption":"WatchBandit"},"image":{"@id":"https:\/\/watch-bandit.com\/#\/schema\/logo\/image\/"}}]}},"_links":{"self":[{"href":"https:\/\/watch-bandit.com\/de\/wp-json\/wp\/v2\/product\/360641"}],"collection":[{"href":"https:\/\/watch-bandit.com\/de\/wp-json\/wp\/v2\/product"}],"about":[{"href":"https:\/\/watch-bandit.com\/de\/wp-json\/wp\/v2\/types\/product"}],"replies":[{"embeddable":true,"href":"https:\/\/watch-bandit.com\/de\/wp-json\/wp\/v2\/comments?post=360641"}],"wp:featuredmedia":[{"embeddable":true,"href":"https:\/\/watch-bandit.com\/de\/wp-json\/wp\/v2\/media\/360643"}],"wp:attachment":[{"href":"https:\/\/watch-bandit.com\/de\/wp-json\/wp\/v2\/media?parent=360641"}],"wp:term":[{"taxonomy":"product_cat","embeddable":true,"href":"https:\/\/watch-bandit.com\/de\/wp-json\/wp\/v2\/product_cat?post=360641"},{"taxonomy":"product_tag","embeddable":true,"href":"https:\/\/watch-bandit.com\/de\/wp-json\/wp\/v2\/product_tag?post=360641"}],"curies":[{"name":"wp","href":"https:\/\/api.w.org\/{rel}","templated":true}]}}