{"id":361637,"date":"2025-11-17T12:33:51","date_gmt":"2025-11-17T11:33:52","guid":{"rendered":"https:\/\/watchbandit.com\/?post_type=product&#038;p=361637"},"modified":"2025-11-17T13:13:26","modified_gmt":"2025-11-17T12:13:26","slug":"zelos-hammerhead-v3-300m-ti-granite","status":"publish","type":"product","link":"https:\/\/watch-bandit.com\/de\/produkt\/zelos-hammerhead-v3-300m-ti-granite\/","title":{"rendered":"Zelos &#8211; Hammerhead v3 &#8211; 300m Ti &#8211; Granite"},"content":{"rendered":"<h3>Zelos &#8211; Hammerhead<\/h3>\n<p>Die Hammerhead wurde erstmals 2016 von Zelos auf den Markt gebracht. Es war ein v\u00f6llig neues Design, das an die glorreichen Tage der Taucheruhren der 1970er Jahre ankn\u00fcpfte, aber mit der neuesten Uhrmachertechnologie hergestellt wurde. Diese dritte Iteration der Hammerhead ist eine schlankere und tragbarere Uhr mit einer Wasserdichtigkeit von 300 m, die f\u00fcr jeden Missbrauch geeignet ist. Raffinierte Zeiger und Indizes sorgen f\u00fcr noch mehr Leuchtkraft und ein einfacheres Ablesen beim Eintauchen in die Tiefen des Ozeans.<\/p>\n<p>Die einzigartigen Facetten des Hammerheads sind vollst\u00e4ndig CNC-gefr\u00e4st f\u00fcr Pr\u00e4zision und die scharfen Linien, f\u00fcr die er bekannt ist. Das markante kissenf\u00f6rmige Geh\u00e4use, das fr\u00fcher bei vielen Taucheruhren \u00fcblich war, hat ein kantiges Facelift erhalten. Ein hoher doppelt gew\u00f6lbter Kristall rundet die Vintage-Einfl\u00fcsse der Hammerhead ab. Die gro\u00dfe, beleuchtete Krone eignet sich f\u00fcr die Bedienung mit Handschuhen, ist jedoch strategisch versetzt, um Beschwerden am Handgelenk zu vermeiden.<\/p>\n<ul>\n<li>Reduzierte Gesamtdicke von \u00fcber 17,5 mm beim V2 auf 13,5 mm<\/li>\n<li>Eckiges Armbanddesign, das an das V1-Armband erinnert<\/li>\n<li>Schnell verstellbarer Verschluss, um einfache \u00c4nderungen der Armbandl\u00e4nge zu erm\u00f6glichen<\/li>\n<li>Einfachere Zeiger und Indizes f\u00fcr eine gr\u00f6\u00dfere und hellere Leuchtfl\u00e4che<\/li>\n<li>Mischung aus sandgestrahlten und geb\u00fcrsteten Oberfl\u00e4chen f\u00fcr einen robusten Auftritt<\/li>\n<\/ul>\n","protected":false},"excerpt":{"rendered":"<p>Die Hammerhead wurde erstmals 2016 von Zelos auf den Markt gebracht. Es war ein v\u00f6llig neues Design, das an die glorreichen Tage der Taucheruhren der 1970er Jahre ankn\u00fcpfte, aber mit der neuesten Uhrmachertechnologie hergestellt wurde. Diese dritte Iteration der Hammerhead ist eine schlankere und tragbarere Uhr mit einer Wasserdichtigkeit von 300 m, die f\u00fcr jeden Missbrauch geeignet ist. Raffinierte Zeiger und Indizes erm\u00f6glichen noch mehr Leuchtkraft und einfacheres Ablesen beim Eintauchen in die Tiefen des Ozeans. Die einzigartigen Facetten des Hammerheads sind vollst\u00e4ndig CNC-gefr\u00e4st f\u00fcr Pr\u00e4zision und die scharfen Linien, f\u00fcr die er bekannt ist. Das markante kissenf\u00f6rmige Geh\u00e4use, das fr\u00fcher bei vielen Taucheruhren \u00fcblich war, hat ein kantiges Facelift erhalten. Ein hoher doppelt gew\u00f6lbter Kristall rundet die Vintage-Einfl\u00fcsse der Hammerhead ab. Die gro\u00dfe, beleuchtete Krone eignet sich f\u00fcr die Bedienung mit Handschuhen, ist jedoch strategisch versetzt, um Beschwerden am Handgelenk zu vermeiden.<\/p>\n<p><strong>Uhrwerk:<\/strong> Automatic Seiko NH35 mit farblich angepasster Datumsscheibe<br \/>\n<strong>Geh\u00e4use<\/strong>: Titan Grade2 1200Hv geh\u00e4rtete Oberfl\u00e4che, 44 mm Durchmesser, 22 mm Stegbreite, 48 mm Steg zu Steg, 13 mm H\u00f6he<br \/>\n<strong>Wasserresistenz<\/strong>: 300 Meter\/30 ATM<br \/>\n<strong>Armband: <\/strong>Titan mit 1200Hv geh\u00e4rteter Oberfl\u00e4chemit schnellverstellbarer Schlie\u00dfe<\/p>\n","protected":false},"featured_media":361639,"comment_status":"open","ping_status":"closed","template":"","meta":[],"product_cat":[37,3107,4835],"product_tag":[],"yoast_head":"<!-- This site is optimized with the Yoast SEO plugin v21.9 - https:\/\/yoast.com\/wordpress\/plugins\/seo\/ -->\n<title>Zelos - Hammerhead v3 - 300m Ti - Granite - WATCHBANDIT<\/title>\n<meta name=\"description\" content=\"Zelos Hammerhead Chrono Uhren mit bei WatchBandit kaufen \u2713 Trusted Shops Zertifiziert \u2713 Swiss-made Automatik Uhrwerk \u2713 Schnelle kostenlose Lieferung \u2713\" \/>\n<meta name=\"robots\" content=\"noindex, follow, max-snippet:-1, max-image-preview:large, max-video-preview:-1\" \/>\n<meta property=\"og:locale\" content=\"de_DE\" \/>\n<meta property=\"og:type\" content=\"article\" \/>\n<meta property=\"og:title\" content=\"Zelos - Hammerhead v3 - 300m Ti - Granite - WATCHBANDIT\" \/>\n<meta property=\"og:description\" content=\"Zelos Hammerhead Chrono Uhren mit bei WatchBandit kaufen \u2713 Trusted Shops Zertifiziert \u2713 Swiss-made Automatik Uhrwerk \u2713 Schnelle kostenlose Lieferung \u2713\" \/>\n<meta property=\"og:url\" content=\"https:\/\/watch-bandit.com\/de\/produkt\/zelos-hammerhead-v3-300m-ti-granite\/\" \/>\n<meta property=\"og:site_name\" content=\"WATCHBANDIT\" \/>\n<meta property=\"article:modified_time\" content=\"2025-11-17T12:13:26+00:00\" \/>\n<meta property=\"og:image\" content=\"https:\/\/watch-bandit.com\/wp-content\/uploads\/2025\/11\/Zelos-Hammerhead-v3-300m-Ti-Granite.webp\" \/>\n\t<meta property=\"og:image:width\" content=\"600\" \/>\n\t<meta property=\"og:image:height\" content=\"900\" \/>\n\t<meta property=\"og:image:type\" content=\"image\/webp\" \/>\n<meta name=\"twitter:label1\" content=\"Gesch\u00e4tzte Lesezeit\" \/>\n\t<meta name=\"twitter:data1\" content=\"2 Minuten\" \/>\n<script type=\"application\/ld+json\" class=\"yoast-schema-graph\">{\"@context\":\"https:\/\/schema.org\",\"@graph\":[{\"@type\":\"WebPage\",\"@id\":\"https:\/\/watch-bandit.com\/de\/produkt\/zelos-hammerhead-v3-300m-ti-granite\/\",\"url\":\"https:\/\/watch-bandit.com\/de\/produkt\/zelos-hammerhead-v3-300m-ti-granite\/\",\"name\":\"Zelos - Hammerhead v3 - 300m Ti - Granite - WATCHBANDIT\",\"isPartOf\":{\"@id\":\"https:\/\/watch-bandit.com\/#website\"},\"datePublished\":\"2025-11-17T11:33:52+00:00\",\"dateModified\":\"2025-11-17T12:13:26+00:00\",\"description\":\"Zelos Hammerhead Chrono Uhren mit bei WatchBandit kaufen \u2713 Trusted Shops Zertifiziert \u2713 Swiss-made Automatik Uhrwerk \u2713 Schnelle kostenlose Lieferung \u2713\",\"breadcrumb\":{\"@id\":\"https:\/\/watch-bandit.com\/de\/produkt\/zelos-hammerhead-v3-300m-ti-granite\/#breadcrumb\"},\"inLanguage\":\"de-DE\",\"potentialAction\":[{\"@type\":\"ReadAction\",\"target\":[\"https:\/\/watch-bandit.com\/de\/produkt\/zelos-hammerhead-v3-300m-ti-granite\/\"]}]},{\"@type\":\"BreadcrumbList\",\"@id\":\"https:\/\/watch-bandit.com\/de\/produkt\/zelos-hammerhead-v3-300m-ti-granite\/#breadcrumb\",\"itemListElement\":[{\"@type\":\"ListItem\",\"position\":1,\"name\":\"Home\",\"item\":\"https:\/\/watchbandit.de\/\"},{\"@type\":\"ListItem\",\"position\":2,\"name\":\"Shop\",\"item\":\"https:\/\/watchbandit.de\/shop\/\"},{\"@type\":\"ListItem\",\"position\":3,\"name\":\"Watches\",\"item\":\"https:\/\/watch-bandit.com\/products\/watches\/\"},{\"@type\":\"ListItem\",\"position\":4,\"name\":\"Zelos &#8211; Hammerhead v3 &#8211; 300m Ti &#8211; Granite\"}]},{\"@type\":\"WebSite\",\"@id\":\"https:\/\/watch-bandit.com\/#website\",\"url\":\"https:\/\/watch-bandit.com\/\",\"name\":\"WATCHBANDIT\",\"description\":\"Contemporary Wrist Accessories\",\"publisher\":{\"@id\":\"https:\/\/watch-bandit.com\/#organization\"},\"potentialAction\":[{\"@type\":\"SearchAction\",\"target\":{\"@type\":\"EntryPoint\",\"urlTemplate\":\"https:\/\/watch-bandit.com\/?s={search_term_string}\"},\"query-input\":\"required name=search_term_string\"}],\"inLanguage\":\"de-DE\"},{\"@type\":\"Organization\",\"@id\":\"https:\/\/watch-bandit.com\/#organization\",\"name\":\"WatchBandit\",\"url\":\"https:\/\/watch-bandit.com\/\",\"logo\":{\"@type\":\"ImageObject\",\"inLanguage\":\"de-DE\",\"@id\":\"https:\/\/watch-bandit.com\/#\/schema\/logo\/image\/\",\"url\":\"https:\/\/watchbandit.de\/wp-content\/uploads\/2017\/11\/WB_Logo_557x124.png\",\"contentUrl\":\"https:\/\/watchbandit.de\/wp-content\/uploads\/2017\/11\/WB_Logo_557x124.png\",\"width\":557,\"height\":124,\"caption\":\"WatchBandit\"},\"image\":{\"@id\":\"https:\/\/watch-bandit.com\/#\/schema\/logo\/image\/\"}}]}<\/script>\n<!-- \/ Yoast SEO plugin. -->","yoast_head_json":{"title":"Zelos - Hammerhead v3 - 300m Ti - Granite - WATCHBANDIT","description":"Zelos Hammerhead Chrono Uhren mit bei WatchBandit kaufen \u2713 Trusted Shops Zertifiziert \u2713 Swiss-made Automatik Uhrwerk \u2713 Schnelle kostenlose Lieferung \u2713","robots":{"index":"noindex","follow":"follow","max-snippet":"max-snippet:-1","max-image-preview":"max-image-preview:large","max-video-preview":"max-video-preview:-1"},"og_locale":"de_DE","og_type":"article","og_title":"Zelos - Hammerhead v3 - 300m Ti - Granite - WATCHBANDIT","og_description":"Zelos Hammerhead Chrono Uhren mit bei WatchBandit kaufen \u2713 Trusted Shops Zertifiziert \u2713 Swiss-made Automatik Uhrwerk \u2713 Schnelle kostenlose Lieferung \u2713","og_url":"https:\/\/watch-bandit.com\/de\/produkt\/zelos-hammerhead-v3-300m-ti-granite\/","og_site_name":"WATCHBANDIT","article_modified_time":"2025-11-17T12:13:26+00:00","og_image":[{"width":600,"height":900,"url":"https:\/\/watch-bandit.com\/wp-content\/uploads\/2025\/11\/Zelos-Hammerhead-v3-300m-Ti-Granite.webp","type":"image\/webp"}],"twitter_misc":{"Gesch\u00e4tzte Lesezeit":"2 Minuten"},"schema":{"@context":"https:\/\/schema.org","@graph":[{"@type":"WebPage","@id":"https:\/\/watch-bandit.com\/de\/produkt\/zelos-hammerhead-v3-300m-ti-granite\/","url":"https:\/\/watch-bandit.com\/de\/produkt\/zelos-hammerhead-v3-300m-ti-granite\/","name":"Zelos - Hammerhead v3 - 300m Ti - Granite - WATCHBANDIT","isPartOf":{"@id":"https:\/\/watch-bandit.com\/#website"},"datePublished":"2025-11-17T11:33:52+00:00","dateModified":"2025-11-17T12:13:26+00:00","description":"Zelos Hammerhead Chrono Uhren mit bei WatchBandit kaufen \u2713 Trusted Shops Zertifiziert \u2713 Swiss-made Automatik Uhrwerk \u2713 Schnelle kostenlose Lieferung \u2713","breadcrumb":{"@id":"https:\/\/watch-bandit.com\/de\/produkt\/zelos-hammerhead-v3-300m-ti-granite\/#breadcrumb"},"inLanguage":"de-DE","potentialAction":[{"@type":"ReadAction","target":["https:\/\/watch-bandit.com\/de\/produkt\/zelos-hammerhead-v3-300m-ti-granite\/"]}]},{"@type":"BreadcrumbList","@id":"https:\/\/watch-bandit.com\/de\/produkt\/zelos-hammerhead-v3-300m-ti-granite\/#breadcrumb","itemListElement":[{"@type":"ListItem","position":1,"name":"Home","item":"https:\/\/watchbandit.de\/"},{"@type":"ListItem","position":2,"name":"Shop","item":"https:\/\/watchbandit.de\/shop\/"},{"@type":"ListItem","position":3,"name":"Watches","item":"https:\/\/watch-bandit.com\/products\/watches\/"},{"@type":"ListItem","position":4,"name":"Zelos &#8211; Hammerhead v3 &#8211; 300m Ti &#8211; Granite"}]},{"@type":"WebSite","@id":"https:\/\/watch-bandit.com\/#website","url":"https:\/\/watch-bandit.com\/","name":"WATCHBANDIT","description":"Contemporary Wrist Accessories","publisher":{"@id":"https:\/\/watch-bandit.com\/#organization"},"potentialAction":[{"@type":"SearchAction","target":{"@type":"EntryPoint","urlTemplate":"https:\/\/watch-bandit.com\/?s={search_term_string}"},"query-input":"required name=search_term_string"}],"inLanguage":"de-DE"},{"@type":"Organization","@id":"https:\/\/watch-bandit.com\/#organization","name":"WatchBandit","url":"https:\/\/watch-bandit.com\/","logo":{"@type":"ImageObject","inLanguage":"de-DE","@id":"https:\/\/watch-bandit.com\/#\/schema\/logo\/image\/","url":"https:\/\/watchbandit.de\/wp-content\/uploads\/2017\/11\/WB_Logo_557x124.png","contentUrl":"https:\/\/watchbandit.de\/wp-content\/uploads\/2017\/11\/WB_Logo_557x124.png","width":557,"height":124,"caption":"WatchBandit"},"image":{"@id":"https:\/\/watch-bandit.com\/#\/schema\/logo\/image\/"}}]}},"_links":{"self":[{"href":"https:\/\/watch-bandit.com\/de\/wp-json\/wp\/v2\/product\/361637"}],"collection":[{"href":"https:\/\/watch-bandit.com\/de\/wp-json\/wp\/v2\/product"}],"about":[{"href":"https:\/\/watch-bandit.com\/de\/wp-json\/wp\/v2\/types\/product"}],"replies":[{"embeddable":true,"href":"https:\/\/watch-bandit.com\/de\/wp-json\/wp\/v2\/comments?post=361637"}],"wp:featuredmedia":[{"embeddable":true,"href":"https:\/\/watch-bandit.com\/de\/wp-json\/wp\/v2\/media\/361639"}],"wp:attachment":[{"href":"https:\/\/watch-bandit.com\/de\/wp-json\/wp\/v2\/media?parent=361637"}],"wp:term":[{"taxonomy":"product_cat","embeddable":true,"href":"https:\/\/watch-bandit.com\/de\/wp-json\/wp\/v2\/product_cat?post=361637"},{"taxonomy":"product_tag","embeddable":true,"href":"https:\/\/watch-bandit.com\/de\/wp-json\/wp\/v2\/product_tag?post=361637"}],"curies":[{"name":"wp","href":"https:\/\/api.w.org\/{rel}","templated":true}]}}