{"id":362322,"date":"2025-12-10T13:14:18","date_gmt":"2025-12-10T12:14:19","guid":{"rendered":"https:\/\/watchbandit.com\/?post_type=product&#038;p=362322"},"modified":"2025-12-10T13:43:52","modified_gmt":"2025-12-10T12:43:52","slug":"zelos-comet-39mm-mop","status":"publish","type":"product","link":"https:\/\/watch-bandit.com\/de\/produkt\/zelos-comet-39mm-mop\/","title":{"rendered":"Zelos &#8211; Comet 39mm &#8211; MOP"},"content":{"rendered":"<p>Die DH106 Comet war das erste Verkehrsflugzeug der Welt, das in den 50er Jahren ein neues Zeitalter der Passagierluftfahrt einl\u00e4utete. Wir haben unsere neueste Handaufzugsuhr \u201eComet\u201c getauft, da sie als elegante und raffinierte Uhr entworfen wurde und an die glamour\u00f6sen Tage der Flugreisen erinnert. Die Comet verf\u00fcgt \u00fcber ein Sektor-Zifferblattdesign, das in den 30er und 40er Jahren beliebt war und mit den neuesten Materialien und Produktionstechniken aktualisiert wurde, um an Ihrem Handgelenk aufzufallen.<\/p>\n<p>Das Aventurin-Zifferblatt besteht aus Glas, das im Licht brillant funkelt, \u00e4hnlich wie ein sternenklarer Nachthimmel. Wir haben auch \u201eDark Matter Gold\u201c von FatCarbon f\u00fcr ein einzigartiges goldgeschmiedetes Carbon-Zifferblatt verwendet. Jedes Carbon-Zifferblatt hat ein einzigartiges, bronzefarbenes Muster.<\/p>\n<p>Die NASA-Edition wurde erstellt, um die Errungenschaften der Agentur in der Raumfahrt im Laufe der Jahrzehnte zu feiern. Es zeigt das ikonische NASA-Logo \u201eWorm\u201c auf einem strahlend wei\u00dfen Zifferblatt mit vollschwarzen Zeigern und Indizes mit Lumen f\u00fcr maximalen Kontrast. Von dieser Edition wurden nur 100 St\u00fcck hergestellt und sie wurde von der NASA vollst\u00e4ndig genehmigt.<\/p>\n<p>Im Inneren schl\u00e4gt das in der Schweiz hergestellte Handaufzugswerk Sellita SW215. Dieses schlanke 3,3-mm-Uhrwerk erm\u00f6glicht es uns, die schlanke Dicke von 8,7 mm des Comet zu erreichen und stellt sicher, dass es leicht unter Ihre Manschette gleitet. Jedes Modell verf\u00fcgt au\u00dferdem \u00fcber ein farblich abgestimmtes Datumsrad.<\/p>\n","protected":false},"excerpt":{"rendered":"<p>Die Comet verdankt ihren Namen der DH106 Comet, dem weltweit ersten Verkehrsflugzeug, das mit seinem eleganten, modernen Design die Luftfahrt revolutionierte. Inspiriert von den Fliegeruhren und Sektorzifferbl\u00e4ttern der 50er-Jahre, vereint sie die Funktionalit\u00e4t klassischer Fliegeruhren mit innovativen Materialien. Mit nur 7,6 mm Dicke tr\u00e4gt sie sich angenehm und gibt den Blick frei auf das vollst\u00e4ndig \u00fcberarbeitete Schweizer Kaliber ETA\/Peseux 7001. Herzst\u00fcck der Comet ist das Handaufzugswerk ETA\/Peseux 7001, ein schlankes Uhrwerk, das seit den 1970er-Jahren im Einsatz ist. Obwohl es auf Tradition beruht, wurde dieses Kaliber f\u00fcr die Comet \u00fcberarbeitet und modernisiert. Die Comet kombiniert die klare Ablesbarkeit einer Fliegeruhr mit Sektorzifferbl\u00e4ttern, die einen einzigartigen Materialmix pr\u00e4sentieren: von Perlmutt und Meteoritengestein \u00fcber geschmiedetes Carbon mit Tigerauge bis hin zu einem Fragment einer P-51 Mustang. Das Armband besticht durch sein flaches, mehrgliedriges Design, das Flexibilit\u00e4t mit einer Mischung aus geb\u00fcrsteten und polierten Oberfl\u00e4chen vereint und so f\u00fcr hohen Tragekomfort und ein faszinierendes Lichtspiel sorgt. Die limitierte Edition aus Tantal besticht durch ihre markanten Graut\u00f6ne, die durch das schimmernde, guillochierte Zifferblatt aus Titan perfekt erg\u00e4nzt werden. Tantal ist bekannterma\u00dfen ein sehr schwieriges Material, und f\u00fcr die Bearbeitung der polierten Bandanst\u00f6\u00dfe waren Spezialwerkzeuge erforderlich. Trotz der Verwendung verschiedener Materialien ist das Geh\u00e4use mit nur 7,6 mm ultrad\u00fcnn und verleiht der Comet eine ebenso angenehme wie unverwechselbare Pr\u00e4senz am Handgelenk.<\/p>\n<p><strong>Zifferblatt<\/strong>: Ein aufwendig gestaltetes Perlmuttzifferblatt mit guillochierten Gravuren, das Tiefe und Kontrast erzeugt und sich mit dem Lichteinfall ver\u00e4ndert.<\/p>\n<p><strong>Uhrwerk:<\/strong> Schweizer ETA\/Peseux 7001 mit \u00fcberarbeiteten Br\u00fccken<br \/>\n<strong>Geh\u00e4use<\/strong>: Edelstahl 316L mit geb\u00fcrsteten und polierten Oberfl\u00e4chen, Durchmesser 39 mm, Dicke 7,6 mm, Bandansto\u00df zu Bandansto\u00df 45 mm<br \/>\n<strong>Wasserdichtigkeit<\/strong>: 50 m \/ 5 ATM<br \/>\n<strong>Armband<\/strong>: Edelstahl 316L mit polierten und geb\u00fcrsteten Oberfl\u00e4chen, sich verj\u00fcngend von 20 auf 16 mm, mit au\u00dfenliegender Schnellverstellung per Knopfdruck<\/p>\n","protected":false},"featured_media":362324,"comment_status":"open","ping_status":"closed","template":"","meta":[],"product_cat":[37,3107,4859],"product_tag":[],"yoast_head":"<!-- This site is optimized with the Yoast SEO plugin v21.9 - https:\/\/yoast.com\/wordpress\/plugins\/seo\/ -->\n<title>Zelos - Comet 39mm - MOP - WATCHBANDIT<\/title>\n<meta name=\"description\" content=\"Zelos Hammerhead Chrono Uhren mit bei WatchBandit kaufen \u2713 Trusted Shops Zertifiziert \u2713 Swiss-made Automatik Uhrwerk \u2713 Schnelle kostenlose Lieferung \u2713\" \/>\n<meta name=\"robots\" content=\"noindex, follow, max-snippet:-1, max-image-preview:large, max-video-preview:-1\" \/>\n<meta property=\"og:locale\" content=\"de_DE\" \/>\n<meta property=\"og:type\" content=\"article\" \/>\n<meta property=\"og:title\" content=\"Zelos - Comet 39mm - MOP - WATCHBANDIT\" \/>\n<meta property=\"og:description\" content=\"Zelos Hammerhead Chrono Uhren mit bei WatchBandit kaufen \u2713 Trusted Shops Zertifiziert \u2713 Swiss-made Automatik Uhrwerk \u2713 Schnelle kostenlose Lieferung \u2713\" \/>\n<meta property=\"og:url\" content=\"https:\/\/watch-bandit.com\/de\/produkt\/zelos-comet-39mm-mop\/\" \/>\n<meta property=\"og:site_name\" content=\"WATCHBANDIT\" \/>\n<meta property=\"article:modified_time\" content=\"2025-12-10T12:43:52+00:00\" \/>\n<meta property=\"og:image\" content=\"https:\/\/watch-bandit.com\/wp-content\/uploads\/2025\/12\/Zelos-Comet-39mm-MOP.webp\" \/>\n\t<meta property=\"og:image:width\" content=\"600\" \/>\n\t<meta property=\"og:image:height\" content=\"900\" \/>\n\t<meta property=\"og:image:type\" content=\"image\/webp\" \/>\n<meta name=\"twitter:label1\" content=\"Gesch\u00e4tzte Lesezeit\" \/>\n\t<meta name=\"twitter:data1\" content=\"2 Minuten\" \/>\n<script type=\"application\/ld+json\" class=\"yoast-schema-graph\">{\"@context\":\"https:\/\/schema.org\",\"@graph\":[{\"@type\":\"WebPage\",\"@id\":\"https:\/\/watch-bandit.com\/de\/produkt\/zelos-comet-39mm-mop\/\",\"url\":\"https:\/\/watch-bandit.com\/de\/produkt\/zelos-comet-39mm-mop\/\",\"name\":\"Zelos - Comet 39mm - MOP - WATCHBANDIT\",\"isPartOf\":{\"@id\":\"https:\/\/watch-bandit.com\/#website\"},\"datePublished\":\"2025-12-10T12:14:19+00:00\",\"dateModified\":\"2025-12-10T12:43:52+00:00\",\"description\":\"Zelos Hammerhead Chrono Uhren mit bei WatchBandit kaufen \u2713 Trusted Shops Zertifiziert \u2713 Swiss-made Automatik Uhrwerk \u2713 Schnelle kostenlose Lieferung \u2713\",\"breadcrumb\":{\"@id\":\"https:\/\/watch-bandit.com\/de\/produkt\/zelos-comet-39mm-mop\/#breadcrumb\"},\"inLanguage\":\"de-DE\",\"potentialAction\":[{\"@type\":\"ReadAction\",\"target\":[\"https:\/\/watch-bandit.com\/de\/produkt\/zelos-comet-39mm-mop\/\"]}]},{\"@type\":\"BreadcrumbList\",\"@id\":\"https:\/\/watch-bandit.com\/de\/produkt\/zelos-comet-39mm-mop\/#breadcrumb\",\"itemListElement\":[{\"@type\":\"ListItem\",\"position\":1,\"name\":\"Home\",\"item\":\"https:\/\/watchbandit.de\/\"},{\"@type\":\"ListItem\",\"position\":2,\"name\":\"Shop\",\"item\":\"https:\/\/watchbandit.de\/shop\/\"},{\"@type\":\"ListItem\",\"position\":3,\"name\":\"Watches\",\"item\":\"https:\/\/watch-bandit.com\/products\/watches\/\"},{\"@type\":\"ListItem\",\"position\":4,\"name\":\"Zelos\",\"item\":\"https:\/\/watch-bandit.com\/products\/watches\/zelos\/\"},{\"@type\":\"ListItem\",\"position\":5,\"name\":\"Zelos Comet\",\"item\":\"https:\/\/watch-bandit.com\/products\/watches\/zelos\/zelos-comet\/\"},{\"@type\":\"ListItem\",\"position\":6,\"name\":\"Zelos &#8211; Comet 39mm &#8211; MOP\"}]},{\"@type\":\"WebSite\",\"@id\":\"https:\/\/watch-bandit.com\/#website\",\"url\":\"https:\/\/watch-bandit.com\/\",\"name\":\"WATCHBANDIT\",\"description\":\"Contemporary Wrist Accessories\",\"publisher\":{\"@id\":\"https:\/\/watch-bandit.com\/#organization\"},\"potentialAction\":[{\"@type\":\"SearchAction\",\"target\":{\"@type\":\"EntryPoint\",\"urlTemplate\":\"https:\/\/watch-bandit.com\/?s={search_term_string}\"},\"query-input\":\"required name=search_term_string\"}],\"inLanguage\":\"de-DE\"},{\"@type\":\"Organization\",\"@id\":\"https:\/\/watch-bandit.com\/#organization\",\"name\":\"WatchBandit\",\"url\":\"https:\/\/watch-bandit.com\/\",\"logo\":{\"@type\":\"ImageObject\",\"inLanguage\":\"de-DE\",\"@id\":\"https:\/\/watch-bandit.com\/#\/schema\/logo\/image\/\",\"url\":\"https:\/\/watchbandit.de\/wp-content\/uploads\/2017\/11\/WB_Logo_557x124.png\",\"contentUrl\":\"https:\/\/watchbandit.de\/wp-content\/uploads\/2017\/11\/WB_Logo_557x124.png\",\"width\":557,\"height\":124,\"caption\":\"WatchBandit\"},\"image\":{\"@id\":\"https:\/\/watch-bandit.com\/#\/schema\/logo\/image\/\"}}]}<\/script>\n<!-- \/ Yoast SEO plugin. -->","yoast_head_json":{"title":"Zelos - Comet 39mm - MOP - WATCHBANDIT","description":"Zelos Hammerhead Chrono Uhren mit bei WatchBandit kaufen \u2713 Trusted Shops Zertifiziert \u2713 Swiss-made Automatik Uhrwerk \u2713 Schnelle kostenlose Lieferung \u2713","robots":{"index":"noindex","follow":"follow","max-snippet":"max-snippet:-1","max-image-preview":"max-image-preview:large","max-video-preview":"max-video-preview:-1"},"og_locale":"de_DE","og_type":"article","og_title":"Zelos - Comet 39mm - MOP - WATCHBANDIT","og_description":"Zelos Hammerhead Chrono Uhren mit bei WatchBandit kaufen \u2713 Trusted Shops Zertifiziert \u2713 Swiss-made Automatik Uhrwerk \u2713 Schnelle kostenlose Lieferung \u2713","og_url":"https:\/\/watch-bandit.com\/de\/produkt\/zelos-comet-39mm-mop\/","og_site_name":"WATCHBANDIT","article_modified_time":"2025-12-10T12:43:52+00:00","og_image":[{"width":600,"height":900,"url":"https:\/\/watch-bandit.com\/wp-content\/uploads\/2025\/12\/Zelos-Comet-39mm-MOP.webp","type":"image\/webp"}],"twitter_misc":{"Gesch\u00e4tzte Lesezeit":"2 Minuten"},"schema":{"@context":"https:\/\/schema.org","@graph":[{"@type":"WebPage","@id":"https:\/\/watch-bandit.com\/de\/produkt\/zelos-comet-39mm-mop\/","url":"https:\/\/watch-bandit.com\/de\/produkt\/zelos-comet-39mm-mop\/","name":"Zelos - Comet 39mm - MOP - WATCHBANDIT","isPartOf":{"@id":"https:\/\/watch-bandit.com\/#website"},"datePublished":"2025-12-10T12:14:19+00:00","dateModified":"2025-12-10T12:43:52+00:00","description":"Zelos Hammerhead Chrono Uhren mit bei WatchBandit kaufen \u2713 Trusted Shops Zertifiziert \u2713 Swiss-made Automatik Uhrwerk \u2713 Schnelle kostenlose Lieferung \u2713","breadcrumb":{"@id":"https:\/\/watch-bandit.com\/de\/produkt\/zelos-comet-39mm-mop\/#breadcrumb"},"inLanguage":"de-DE","potentialAction":[{"@type":"ReadAction","target":["https:\/\/watch-bandit.com\/de\/produkt\/zelos-comet-39mm-mop\/"]}]},{"@type":"BreadcrumbList","@id":"https:\/\/watch-bandit.com\/de\/produkt\/zelos-comet-39mm-mop\/#breadcrumb","itemListElement":[{"@type":"ListItem","position":1,"name":"Home","item":"https:\/\/watchbandit.de\/"},{"@type":"ListItem","position":2,"name":"Shop","item":"https:\/\/watchbandit.de\/shop\/"},{"@type":"ListItem","position":3,"name":"Watches","item":"https:\/\/watch-bandit.com\/products\/watches\/"},{"@type":"ListItem","position":4,"name":"Zelos","item":"https:\/\/watch-bandit.com\/products\/watches\/zelos\/"},{"@type":"ListItem","position":5,"name":"Zelos Comet","item":"https:\/\/watch-bandit.com\/products\/watches\/zelos\/zelos-comet\/"},{"@type":"ListItem","position":6,"name":"Zelos &#8211; Comet 39mm &#8211; MOP"}]},{"@type":"WebSite","@id":"https:\/\/watch-bandit.com\/#website","url":"https:\/\/watch-bandit.com\/","name":"WATCHBANDIT","description":"Contemporary Wrist Accessories","publisher":{"@id":"https:\/\/watch-bandit.com\/#organization"},"potentialAction":[{"@type":"SearchAction","target":{"@type":"EntryPoint","urlTemplate":"https:\/\/watch-bandit.com\/?s={search_term_string}"},"query-input":"required name=search_term_string"}],"inLanguage":"de-DE"},{"@type":"Organization","@id":"https:\/\/watch-bandit.com\/#organization","name":"WatchBandit","url":"https:\/\/watch-bandit.com\/","logo":{"@type":"ImageObject","inLanguage":"de-DE","@id":"https:\/\/watch-bandit.com\/#\/schema\/logo\/image\/","url":"https:\/\/watchbandit.de\/wp-content\/uploads\/2017\/11\/WB_Logo_557x124.png","contentUrl":"https:\/\/watchbandit.de\/wp-content\/uploads\/2017\/11\/WB_Logo_557x124.png","width":557,"height":124,"caption":"WatchBandit"},"image":{"@id":"https:\/\/watch-bandit.com\/#\/schema\/logo\/image\/"}}]}},"_links":{"self":[{"href":"https:\/\/watch-bandit.com\/de\/wp-json\/wp\/v2\/product\/362322"}],"collection":[{"href":"https:\/\/watch-bandit.com\/de\/wp-json\/wp\/v2\/product"}],"about":[{"href":"https:\/\/watch-bandit.com\/de\/wp-json\/wp\/v2\/types\/product"}],"replies":[{"embeddable":true,"href":"https:\/\/watch-bandit.com\/de\/wp-json\/wp\/v2\/comments?post=362322"}],"wp:featuredmedia":[{"embeddable":true,"href":"https:\/\/watch-bandit.com\/de\/wp-json\/wp\/v2\/media\/362324"}],"wp:attachment":[{"href":"https:\/\/watch-bandit.com\/de\/wp-json\/wp\/v2\/media?parent=362322"}],"wp:term":[{"taxonomy":"product_cat","embeddable":true,"href":"https:\/\/watch-bandit.com\/de\/wp-json\/wp\/v2\/product_cat?post=362322"},{"taxonomy":"product_tag","embeddable":true,"href":"https:\/\/watch-bandit.com\/de\/wp-json\/wp\/v2\/product_tag?post=362322"}],"curies":[{"name":"wp","href":"https:\/\/api.w.org\/{rel}","templated":true}]}}