{"id":362575,"date":"2025-12-23T11:33:16","date_gmt":"2025-12-23T10:33:17","guid":{"rendered":"https:\/\/watchbandit.com\/?post_type=product&#038;p=362575"},"modified":"2026-01-02T11:03:42","modified_gmt":"2026-01-02T10:03:42","slug":"zelos-swordfish-42mm-ss-lagoon","status":"publish","type":"product","link":"https:\/\/watch-bandit.com\/de\/produkt\/zelos-swordfish-42mm-ss-lagoon\/","title":{"rendered":"Zelos &#8211; Swordfish 42mm SS &#8211; Lagoon"},"content":{"rendered":"<h4>Einzigartige Taucheruhren<\/h4>\n<p>Zelos wurde gegr\u00fcndet, um Uhren mit hochmodernen Designs und Materialien wie Bronze oder Kohlefaser anzubieten. Zelos entwickelt Uhren von Grund auf selbst um sicherzustellen, dass Ihr eine Uhr bekommt, die nirgendwo sonst zu finden ist. Mit Meteorit-Zifferbl\u00e4ttern, Bronzegeh\u00e4usen und sogar einer leuchtenden Krone sind sie wirklich etwas Besonderes.<\/p>\n<h4>Zelos Uhren &#8211; Ein Kickstarter Erfolg<\/h4>\n<p>Seit ihrem Start im Jahr 2014 hat Zelos 3 Modelle auf Kickstarter auf den Markt gebracht, mit zunehmendem Erfolg. Das erste Modell &#8220;<a href=\"https:\/\/watchbandit.de\/?s=Helmsman&amp;post_type=product\" target=\"_blank\" rel=\"noopener noreferrer\">Helmsman<\/a>&#8221; erzielte 273% der gezielten Finanzierung. Die &#8220;Chroma&#8221; folgte als n\u00e4chstes mit 350% und schlie\u00dflich der &#8220;Abyss&#8221; mit \u00fcberw\u00e4ltigenden 650% der Finanzierung.<\/p>\n<p>Zelos hat seinen Sitz in Singapur und wurde von Elshan Tang gegr\u00fcndet. Seit vielen Jahren ist er fasziniert von mechanischen Zeitmessern; Eine eigene Uhr war sein gro\u00dfer Traum, den er sich erf\u00fcllt hat. Er ist davon \u00fcberzeugt, dass gro\u00dfartige Uhren-Designs nicht auf Luxusmarken beschr\u00e4nkt sein sollten.<\/p>\n","protected":false},"excerpt":{"rendered":"<p>Die neueste Kollektion der Swordfish Divers bietet eine vielf\u00e4ltige Farbauswahl f\u00fcr jeden Geschmack und Stil. Von der robusten \u201eCoal\u201c mit klassisch grauem Zifferblatt bis hin zu den brillanten Perlmuttzifferbl\u00e4ttern, die im Licht schimmern. DLC-beschichtete Geh\u00e4use in Kombination mit Mosaik-Perlmuttzifferbl\u00e4ttern bilden einen markanten Kontrast zwischen den dezenten T\u00f6nen und den leuchtenden Perlmuttfarben.<\/p>\n<p>Innovative Techniken wie die Pulverbeschichtung mit Metallflocken verleihen der \u201eSpark\u201c-Variante zus\u00e4tzlichen Glanz, w\u00e4hrend der laserge\u00e4tzte \u201eHolo\u201c-Sonnenstrahl im richtigen Winkel seine Farben entfaltet.<\/p>\n<p><strong>Uhrwerk<\/strong>: Zuverl\u00e4ssiges Seiko NH35 mit Datumsanzeige<br \/>\n<strong>Geh\u00e4use<\/strong>: Edelstahl 316L, 40 mm Durchmesser, 20 mm Bandansto\u00dfbreite, 46 mm Bandansto\u00df zu Bandansto\u00df, 12 mm Dicke<br \/>\n<strong>Wasserdichtigkeit<\/strong>: 20 ATM \/ 200 Meter<br \/>\n<strong>Armband<\/strong>: Edelstahl 316L mit verbesserter Schnellverstellung und weiblichen Endgliedern<\/p>\n","protected":false},"featured_media":362718,"comment_status":"open","ping_status":"closed","template":"","meta":[],"product_cat":[37,3107,4655],"product_tag":[],"yoast_head":"<!-- This site is optimized with the Yoast SEO plugin v21.9 - https:\/\/yoast.com\/wordpress\/plugins\/seo\/ -->\n<title>Zelos - Swordfish 42mm SS - Lagoon - WATCHBANDIT<\/title>\n<meta name=\"description\" content=\"Zelos Uhren bei WatchBandit kaufen \u2713 Trusted Shops Zertifiziert \u2713 Schweizer Automatik \u2713 Schnelle kostenlose Lieferung \u2713\" \/>\n<meta name=\"robots\" content=\"noindex, follow, max-snippet:-1, max-image-preview:large, max-video-preview:-1\" \/>\n<meta property=\"og:locale\" content=\"de_DE\" \/>\n<meta property=\"og:type\" content=\"article\" \/>\n<meta property=\"og:title\" content=\"Zelos - Swordfish 42mm SS - Lagoon - WATCHBANDIT\" \/>\n<meta property=\"og:description\" content=\"Zelos Uhren bei WatchBandit kaufen \u2713 Trusted Shops Zertifiziert \u2713 Schweizer Automatik \u2713 Schnelle kostenlose Lieferung \u2713\" \/>\n<meta property=\"og:url\" content=\"https:\/\/watch-bandit.com\/de\/produkt\/zelos-swordfish-42mm-ss-lagoon\/\" \/>\n<meta property=\"og:site_name\" content=\"WATCHBANDIT\" \/>\n<meta property=\"article:modified_time\" content=\"2026-01-02T10:03:42+00:00\" \/>\n<meta property=\"og:image\" content=\"https:\/\/watch-bandit.com\/wp-content\/uploads\/2025\/12\/40Lagoon_1000x.webp\" \/>\n\t<meta property=\"og:image:width\" content=\"1000\" \/>\n\t<meta property=\"og:image:height\" content=\"1500\" \/>\n\t<meta property=\"og:image:type\" content=\"image\/webp\" \/>\n<meta name=\"twitter:label1\" content=\"Gesch\u00e4tzte Lesezeit\" \/>\n\t<meta name=\"twitter:data1\" content=\"1 Minute\" \/>\n<script type=\"application\/ld+json\" class=\"yoast-schema-graph\">{\"@context\":\"https:\/\/schema.org\",\"@graph\":[{\"@type\":\"WebPage\",\"@id\":\"https:\/\/watch-bandit.com\/de\/produkt\/zelos-swordfish-42mm-ss-lagoon\/\",\"url\":\"https:\/\/watch-bandit.com\/de\/produkt\/zelos-swordfish-42mm-ss-lagoon\/\",\"name\":\"Zelos - Swordfish 42mm SS - Lagoon - WATCHBANDIT\",\"isPartOf\":{\"@id\":\"https:\/\/watch-bandit.com\/#website\"},\"datePublished\":\"2025-12-23T10:33:17+00:00\",\"dateModified\":\"2026-01-02T10:03:42+00:00\",\"description\":\"Zelos Uhren bei WatchBandit kaufen \u2713 Trusted Shops Zertifiziert \u2713 Schweizer Automatik \u2713 Schnelle kostenlose Lieferung \u2713\",\"breadcrumb\":{\"@id\":\"https:\/\/watch-bandit.com\/de\/produkt\/zelos-swordfish-42mm-ss-lagoon\/#breadcrumb\"},\"inLanguage\":\"de-DE\",\"potentialAction\":[{\"@type\":\"ReadAction\",\"target\":[\"https:\/\/watch-bandit.com\/de\/produkt\/zelos-swordfish-42mm-ss-lagoon\/\"]}]},{\"@type\":\"BreadcrumbList\",\"@id\":\"https:\/\/watch-bandit.com\/de\/produkt\/zelos-swordfish-42mm-ss-lagoon\/#breadcrumb\",\"itemListElement\":[{\"@type\":\"ListItem\",\"position\":1,\"name\":\"Home\",\"item\":\"https:\/\/watchbandit.de\/\"},{\"@type\":\"ListItem\",\"position\":2,\"name\":\"Shop\",\"item\":\"https:\/\/watchbandit.de\/shop\/\"},{\"@type\":\"ListItem\",\"position\":3,\"name\":\"Watches\",\"item\":\"https:\/\/watch-bandit.com\/products\/watches\/\"},{\"@type\":\"ListItem\",\"position\":4,\"name\":\"Zelos\",\"item\":\"https:\/\/watch-bandit.com\/products\/watches\/zelos\/\"},{\"@type\":\"ListItem\",\"position\":5,\"name\":\"Zelos Swordfish\",\"item\":\"https:\/\/watch-bandit.com\/products\/watches\/zelos\/zelos-swordfish\/\"},{\"@type\":\"ListItem\",\"position\":6,\"name\":\"Zelos &#8211; Swordfish 42mm SS &#8211; Lagoon\"}]},{\"@type\":\"WebSite\",\"@id\":\"https:\/\/watch-bandit.com\/#website\",\"url\":\"https:\/\/watch-bandit.com\/\",\"name\":\"WATCHBANDIT\",\"description\":\"Contemporary Wrist Accessories\",\"publisher\":{\"@id\":\"https:\/\/watch-bandit.com\/#organization\"},\"potentialAction\":[{\"@type\":\"SearchAction\",\"target\":{\"@type\":\"EntryPoint\",\"urlTemplate\":\"https:\/\/watch-bandit.com\/?s={search_term_string}\"},\"query-input\":\"required name=search_term_string\"}],\"inLanguage\":\"de-DE\"},{\"@type\":\"Organization\",\"@id\":\"https:\/\/watch-bandit.com\/#organization\",\"name\":\"WatchBandit\",\"url\":\"https:\/\/watch-bandit.com\/\",\"logo\":{\"@type\":\"ImageObject\",\"inLanguage\":\"de-DE\",\"@id\":\"https:\/\/watch-bandit.com\/#\/schema\/logo\/image\/\",\"url\":\"https:\/\/watchbandit.de\/wp-content\/uploads\/2017\/11\/WB_Logo_557x124.png\",\"contentUrl\":\"https:\/\/watchbandit.de\/wp-content\/uploads\/2017\/11\/WB_Logo_557x124.png\",\"width\":557,\"height\":124,\"caption\":\"WatchBandit\"},\"image\":{\"@id\":\"https:\/\/watch-bandit.com\/#\/schema\/logo\/image\/\"}}]}<\/script>\n<!-- \/ Yoast SEO plugin. -->","yoast_head_json":{"title":"Zelos - Swordfish 42mm SS - Lagoon - WATCHBANDIT","description":"Zelos Uhren bei WatchBandit kaufen \u2713 Trusted Shops Zertifiziert \u2713 Schweizer Automatik \u2713 Schnelle kostenlose Lieferung \u2713","robots":{"index":"noindex","follow":"follow","max-snippet":"max-snippet:-1","max-image-preview":"max-image-preview:large","max-video-preview":"max-video-preview:-1"},"og_locale":"de_DE","og_type":"article","og_title":"Zelos - Swordfish 42mm SS - Lagoon - WATCHBANDIT","og_description":"Zelos Uhren bei WatchBandit kaufen \u2713 Trusted Shops Zertifiziert \u2713 Schweizer Automatik \u2713 Schnelle kostenlose Lieferung \u2713","og_url":"https:\/\/watch-bandit.com\/de\/produkt\/zelos-swordfish-42mm-ss-lagoon\/","og_site_name":"WATCHBANDIT","article_modified_time":"2026-01-02T10:03:42+00:00","og_image":[{"width":1000,"height":1500,"url":"https:\/\/watch-bandit.com\/wp-content\/uploads\/2025\/12\/40Lagoon_1000x.webp","type":"image\/webp"}],"twitter_misc":{"Gesch\u00e4tzte Lesezeit":"1 Minute"},"schema":{"@context":"https:\/\/schema.org","@graph":[{"@type":"WebPage","@id":"https:\/\/watch-bandit.com\/de\/produkt\/zelos-swordfish-42mm-ss-lagoon\/","url":"https:\/\/watch-bandit.com\/de\/produkt\/zelos-swordfish-42mm-ss-lagoon\/","name":"Zelos - Swordfish 42mm SS - Lagoon - WATCHBANDIT","isPartOf":{"@id":"https:\/\/watch-bandit.com\/#website"},"datePublished":"2025-12-23T10:33:17+00:00","dateModified":"2026-01-02T10:03:42+00:00","description":"Zelos Uhren bei WatchBandit kaufen \u2713 Trusted Shops Zertifiziert \u2713 Schweizer Automatik \u2713 Schnelle kostenlose Lieferung \u2713","breadcrumb":{"@id":"https:\/\/watch-bandit.com\/de\/produkt\/zelos-swordfish-42mm-ss-lagoon\/#breadcrumb"},"inLanguage":"de-DE","potentialAction":[{"@type":"ReadAction","target":["https:\/\/watch-bandit.com\/de\/produkt\/zelos-swordfish-42mm-ss-lagoon\/"]}]},{"@type":"BreadcrumbList","@id":"https:\/\/watch-bandit.com\/de\/produkt\/zelos-swordfish-42mm-ss-lagoon\/#breadcrumb","itemListElement":[{"@type":"ListItem","position":1,"name":"Home","item":"https:\/\/watchbandit.de\/"},{"@type":"ListItem","position":2,"name":"Shop","item":"https:\/\/watchbandit.de\/shop\/"},{"@type":"ListItem","position":3,"name":"Watches","item":"https:\/\/watch-bandit.com\/products\/watches\/"},{"@type":"ListItem","position":4,"name":"Zelos","item":"https:\/\/watch-bandit.com\/products\/watches\/zelos\/"},{"@type":"ListItem","position":5,"name":"Zelos Swordfish","item":"https:\/\/watch-bandit.com\/products\/watches\/zelos\/zelos-swordfish\/"},{"@type":"ListItem","position":6,"name":"Zelos &#8211; Swordfish 42mm SS &#8211; Lagoon"}]},{"@type":"WebSite","@id":"https:\/\/watch-bandit.com\/#website","url":"https:\/\/watch-bandit.com\/","name":"WATCHBANDIT","description":"Contemporary Wrist Accessories","publisher":{"@id":"https:\/\/watch-bandit.com\/#organization"},"potentialAction":[{"@type":"SearchAction","target":{"@type":"EntryPoint","urlTemplate":"https:\/\/watch-bandit.com\/?s={search_term_string}"},"query-input":"required name=search_term_string"}],"inLanguage":"de-DE"},{"@type":"Organization","@id":"https:\/\/watch-bandit.com\/#organization","name":"WatchBandit","url":"https:\/\/watch-bandit.com\/","logo":{"@type":"ImageObject","inLanguage":"de-DE","@id":"https:\/\/watch-bandit.com\/#\/schema\/logo\/image\/","url":"https:\/\/watchbandit.de\/wp-content\/uploads\/2017\/11\/WB_Logo_557x124.png","contentUrl":"https:\/\/watchbandit.de\/wp-content\/uploads\/2017\/11\/WB_Logo_557x124.png","width":557,"height":124,"caption":"WatchBandit"},"image":{"@id":"https:\/\/watch-bandit.com\/#\/schema\/logo\/image\/"}}]}},"_links":{"self":[{"href":"https:\/\/watch-bandit.com\/de\/wp-json\/wp\/v2\/product\/362575"}],"collection":[{"href":"https:\/\/watch-bandit.com\/de\/wp-json\/wp\/v2\/product"}],"about":[{"href":"https:\/\/watch-bandit.com\/de\/wp-json\/wp\/v2\/types\/product"}],"replies":[{"embeddable":true,"href":"https:\/\/watch-bandit.com\/de\/wp-json\/wp\/v2\/comments?post=362575"}],"wp:featuredmedia":[{"embeddable":true,"href":"https:\/\/watch-bandit.com\/de\/wp-json\/wp\/v2\/media\/362718"}],"wp:attachment":[{"href":"https:\/\/watch-bandit.com\/de\/wp-json\/wp\/v2\/media?parent=362575"}],"wp:term":[{"taxonomy":"product_cat","embeddable":true,"href":"https:\/\/watch-bandit.com\/de\/wp-json\/wp\/v2\/product_cat?post=362575"},{"taxonomy":"product_tag","embeddable":true,"href":"https:\/\/watch-bandit.com\/de\/wp-json\/wp\/v2\/product_tag?post=362575"}],"curies":[{"name":"wp","href":"https:\/\/api.w.org\/{rel}","templated":true}]}}