{"id":912,"date":"2014-02-22T15:53:40","date_gmt":"2014-02-22T14:53:40","guid":{"rendered":"https:\/\/watchbandit.com\/?post_type=product&#038;p=912"},"modified":"2026-02-15T20:32:29","modified_gmt":"2026-02-15T19:32:29","slug":"federsteg-rostfreier-edelstahl","status":"publish","type":"product","link":"https:\/\/watch-bandit.com\/de\/produkt\/federsteg-rostfreier-edelstahl\/","title":{"rendered":"2 x Federstege | Rostfreier Edelstahl"},"content":{"rendered":"","protected":false},"excerpt":{"rendered":"<p>Diese Federstege sind aus hochwertigem Edelstahl gefertigt und universell f\u00fcr jede Uhr passend. Die Federstege bis einschllie\u00dflich 19mm haben einen Durchmesser von 1,5 Millimetern. Ab 20mm haben sie einen Durchmesser von 1,78 Millimetern um mehr Halt zu grantieren. Unsere Federstege sind verf\u00fcgbar von 88 bis 24 Millimeter.<\/p>\n<ul>\n<li>2 Federstege h\u00f6chster Qualit\u00e4t<\/li>\n<li>Rostfreier Edelstahl<\/li>\n<li>Gr\u00f6\u00dfen: von 8mm bis 24mm<\/li>\n<\/ul>\n","protected":false},"featured_media":223625,"comment_status":"open","ping_status":"closed","template":"","meta":[],"product_cat":[3570,109,115,3574],"product_tag":[],"yoast_head":"<!-- This site is optimized with the Yoast SEO plugin v21.9 - https:\/\/yoast.com\/wordpress\/plugins\/seo\/ -->\n<title>Federsteg aus rostfreiem Edelstahl - WatchBandit<\/title>\n<meta name=\"robots\" content=\"noindex, follow, max-snippet:-1, max-image-preview:large, max-video-preview:-1\" \/>\n<meta property=\"og:locale\" content=\"de_DE\" \/>\n<meta property=\"og:type\" content=\"article\" \/>\n<meta property=\"og:title\" content=\"Federsteg aus rostfreiem Edelstahl - WatchBandit\" \/>\n<meta property=\"og:description\" content=\"Diese Federstege sind aus hochwertigem Edelstahl gefertigt und universell f\u00fcr jede Uhr passend. Die Federstege bis einschllie\u00dflich 19mm haben einen Durchmesser von 1,5 Millimetern. Ab 20mm haben sie einen Durchmesser von 1,78 Millimetern um mehr Halt zu grantieren. Unsere Federstege sind verf\u00fcgbar von 88 bis 24 Millimeter.   2 Federstege h\u00f6chster Qualit\u00e4t  Rostfreier Edelstahl  Gr\u00f6\u00dfen: von 8mm bis 24mm\" \/>\n<meta property=\"og:url\" content=\"https:\/\/watch-bandit.com\/produkt\/spring-bar-stainless-steel\/\" \/>\n<meta property=\"og:site_name\" content=\"WATCHBANDIT\" \/>\n<meta property=\"article:modified_time\" content=\"2026-02-15T19:32:29+00:00\" \/>\n<meta property=\"og:image\" content=\"https:\/\/watch-bandit.com\/wp-content\/uploads\/2014\/02\/WB_Federsteg_1400x1700px.jpg\" \/>\n\t<meta property=\"og:image:width\" content=\"1400\" \/>\n\t<meta property=\"og:image:height\" content=\"1700\" \/>\n\t<meta property=\"og:image:type\" content=\"image\/jpeg\" \/>\n<meta name=\"twitter:label1\" content=\"Gesch\u00e4tzte Lesezeit\" \/>\n\t<meta name=\"twitter:data1\" content=\"1 Minute\" \/>\n<script type=\"application\/ld+json\" class=\"yoast-schema-graph\">{\"@context\":\"https:\/\/schema.org\",\"@graph\":[{\"@type\":\"WebPage\",\"@id\":\"https:\/\/watch-bandit.com\/produkt\/spring-bar-stainless-steel\/\",\"url\":\"https:\/\/watch-bandit.com\/produkt\/spring-bar-stainless-steel\/\",\"name\":\"Federsteg aus rostfreiem Edelstahl - WatchBandit\",\"isPartOf\":{\"@id\":\"https:\/\/watch-bandit.com\/#website\"},\"datePublished\":\"2014-02-22T14:53:40+00:00\",\"dateModified\":\"2026-02-15T19:32:29+00:00\",\"breadcrumb\":{\"@id\":\"https:\/\/watch-bandit.com\/produkt\/spring-bar-stainless-steel\/#breadcrumb\"},\"inLanguage\":\"de-DE\",\"potentialAction\":[{\"@type\":\"ReadAction\",\"target\":[\"https:\/\/watch-bandit.com\/produkt\/spring-bar-stainless-steel\/\"]}]},{\"@type\":\"BreadcrumbList\",\"@id\":\"https:\/\/watch-bandit.com\/produkt\/spring-bar-stainless-steel\/#breadcrumb\",\"itemListElement\":[{\"@type\":\"ListItem\",\"position\":1,\"name\":\"Home\",\"item\":\"https:\/\/watchbandit.de\/\"},{\"@type\":\"ListItem\",\"position\":2,\"name\":\"Shop\",\"item\":\"https:\/\/watchbandit.de\/shop\/\"},{\"@type\":\"ListItem\",\"position\":3,\"name\":\"Accessories\",\"item\":\"https:\/\/watch-bandit.com\/products\/accessories\/\"},{\"@type\":\"ListItem\",\"position\":4,\"name\":\"Extras\",\"item\":\"https:\/\/watch-bandit.com\/products\/accessories\/extras\/\"},{\"@type\":\"ListItem\",\"position\":5,\"name\":\"2 x Federstege | Rostfreier Edelstahl\"}]},{\"@type\":\"WebSite\",\"@id\":\"https:\/\/watch-bandit.com\/#website\",\"url\":\"https:\/\/watch-bandit.com\/\",\"name\":\"WATCHBANDIT\",\"description\":\"Contemporary Wrist Accessories\",\"publisher\":{\"@id\":\"https:\/\/watch-bandit.com\/#organization\"},\"potentialAction\":[{\"@type\":\"SearchAction\",\"target\":{\"@type\":\"EntryPoint\",\"urlTemplate\":\"https:\/\/watch-bandit.com\/?s={search_term_string}\"},\"query-input\":\"required name=search_term_string\"}],\"inLanguage\":\"de-DE\"},{\"@type\":\"Organization\",\"@id\":\"https:\/\/watch-bandit.com\/#organization\",\"name\":\"WatchBandit\",\"url\":\"https:\/\/watch-bandit.com\/\",\"logo\":{\"@type\":\"ImageObject\",\"inLanguage\":\"de-DE\",\"@id\":\"https:\/\/watch-bandit.com\/#\/schema\/logo\/image\/\",\"url\":\"https:\/\/watchbandit.de\/wp-content\/uploads\/2017\/11\/WB_Logo_557x124.png\",\"contentUrl\":\"https:\/\/watchbandit.de\/wp-content\/uploads\/2017\/11\/WB_Logo_557x124.png\",\"width\":557,\"height\":124,\"caption\":\"WatchBandit\"},\"image\":{\"@id\":\"https:\/\/watch-bandit.com\/#\/schema\/logo\/image\/\"}}]}<\/script>\n<!-- \/ Yoast SEO plugin. -->","yoast_head_json":{"title":"Federsteg aus rostfreiem Edelstahl - WatchBandit","robots":{"index":"noindex","follow":"follow","max-snippet":"max-snippet:-1","max-image-preview":"max-image-preview:large","max-video-preview":"max-video-preview:-1"},"og_locale":"de_DE","og_type":"article","og_title":"Federsteg aus rostfreiem Edelstahl - WatchBandit","og_description":"Diese Federstege sind aus hochwertigem Edelstahl gefertigt und universell f\u00fcr jede Uhr passend. Die Federstege bis einschllie\u00dflich 19mm haben einen Durchmesser von 1,5 Millimetern. Ab 20mm haben sie einen Durchmesser von 1,78 Millimetern um mehr Halt zu grantieren. Unsere Federstege sind verf\u00fcgbar von 88 bis 24 Millimeter.   2 Federstege h\u00f6chster Qualit\u00e4t  Rostfreier Edelstahl  Gr\u00f6\u00dfen: von 8mm bis 24mm","og_url":"https:\/\/watch-bandit.com\/produkt\/spring-bar-stainless-steel\/","og_site_name":"WATCHBANDIT","article_modified_time":"2026-02-15T19:32:29+00:00","og_image":[{"width":1400,"height":1700,"url":"https:\/\/watch-bandit.com\/wp-content\/uploads\/2014\/02\/WB_Federsteg_1400x1700px.jpg","type":"image\/jpeg"}],"twitter_misc":{"Gesch\u00e4tzte Lesezeit":"1 Minute"},"schema":{"@context":"https:\/\/schema.org","@graph":[{"@type":"WebPage","@id":"https:\/\/watch-bandit.com\/produkt\/spring-bar-stainless-steel\/","url":"https:\/\/watch-bandit.com\/produkt\/spring-bar-stainless-steel\/","name":"Federsteg aus rostfreiem Edelstahl - WatchBandit","isPartOf":{"@id":"https:\/\/watch-bandit.com\/#website"},"datePublished":"2014-02-22T14:53:40+00:00","dateModified":"2026-02-15T19:32:29+00:00","breadcrumb":{"@id":"https:\/\/watch-bandit.com\/produkt\/spring-bar-stainless-steel\/#breadcrumb"},"inLanguage":"de-DE","potentialAction":[{"@type":"ReadAction","target":["https:\/\/watch-bandit.com\/produkt\/spring-bar-stainless-steel\/"]}]},{"@type":"BreadcrumbList","@id":"https:\/\/watch-bandit.com\/produkt\/spring-bar-stainless-steel\/#breadcrumb","itemListElement":[{"@type":"ListItem","position":1,"name":"Home","item":"https:\/\/watchbandit.de\/"},{"@type":"ListItem","position":2,"name":"Shop","item":"https:\/\/watchbandit.de\/shop\/"},{"@type":"ListItem","position":3,"name":"Accessories","item":"https:\/\/watch-bandit.com\/products\/accessories\/"},{"@type":"ListItem","position":4,"name":"Extras","item":"https:\/\/watch-bandit.com\/products\/accessories\/extras\/"},{"@type":"ListItem","position":5,"name":"2 x Federstege | Rostfreier Edelstahl"}]},{"@type":"WebSite","@id":"https:\/\/watch-bandit.com\/#website","url":"https:\/\/watch-bandit.com\/","name":"WATCHBANDIT","description":"Contemporary Wrist Accessories","publisher":{"@id":"https:\/\/watch-bandit.com\/#organization"},"potentialAction":[{"@type":"SearchAction","target":{"@type":"EntryPoint","urlTemplate":"https:\/\/watch-bandit.com\/?s={search_term_string}"},"query-input":"required name=search_term_string"}],"inLanguage":"de-DE"},{"@type":"Organization","@id":"https:\/\/watch-bandit.com\/#organization","name":"WatchBandit","url":"https:\/\/watch-bandit.com\/","logo":{"@type":"ImageObject","inLanguage":"de-DE","@id":"https:\/\/watch-bandit.com\/#\/schema\/logo\/image\/","url":"https:\/\/watchbandit.de\/wp-content\/uploads\/2017\/11\/WB_Logo_557x124.png","contentUrl":"https:\/\/watchbandit.de\/wp-content\/uploads\/2017\/11\/WB_Logo_557x124.png","width":557,"height":124,"caption":"WatchBandit"},"image":{"@id":"https:\/\/watch-bandit.com\/#\/schema\/logo\/image\/"}}]}},"_links":{"self":[{"href":"https:\/\/watch-bandit.com\/de\/wp-json\/wp\/v2\/product\/912"}],"collection":[{"href":"https:\/\/watch-bandit.com\/de\/wp-json\/wp\/v2\/product"}],"about":[{"href":"https:\/\/watch-bandit.com\/de\/wp-json\/wp\/v2\/types\/product"}],"replies":[{"embeddable":true,"href":"https:\/\/watch-bandit.com\/de\/wp-json\/wp\/v2\/comments?post=912"}],"wp:featuredmedia":[{"embeddable":true,"href":"https:\/\/watch-bandit.com\/de\/wp-json\/wp\/v2\/media\/223625"}],"wp:attachment":[{"href":"https:\/\/watch-bandit.com\/de\/wp-json\/wp\/v2\/media?parent=912"}],"wp:term":[{"taxonomy":"product_cat","embeddable":true,"href":"https:\/\/watch-bandit.com\/de\/wp-json\/wp\/v2\/product_cat?post=912"},{"taxonomy":"product_tag","embeddable":true,"href":"https:\/\/watch-bandit.com\/de\/wp-json\/wp\/v2\/product_tag?post=912"}],"curies":[{"name":"wp","href":"https:\/\/api.w.org\/{rel}","templated":true}]}}