{"id":93709,"date":"2017-05-04T13:43:10","date_gmt":"2017-05-05T13:32:22","guid":{"rendered":"https:\/\/watchbandit.com\/?post_type=product&#038;p=93709\/"},"modified":"2026-02-15T16:27:48","modified_gmt":"2026-02-15T15:27:48","slug":"eulit-palma-pacific-perlonband-schwarz","status":"publish","type":"product","link":"https:\/\/watch-bandit.com\/de\/produkt\/eulit-palma-pacific-perlonband-schwarz\/","title":{"rendered":"Eulit Palma Pacific Perlonband &#8211; Schwarz"},"content":{"rendered":"<p>Die Firma EULIT wurde bereits 1924 gegr\u00fcndet und geh\u00f6rt seit jeher zu den Top Herstellern f\u00fcr Uhrenarmb\u00e4nder. Gefertigt werden die Armb\u00e4nder ausschlie\u00dflich unter h\u00f6chsten Qualit\u00e4tskriterien, was EULIT unter anderem zum Erstausstatter von Maurice Lacroix gemacht hat. Das extrem hochwertige Leder stammt einzig und allein aus den hochwertigsten Gerbereien in Deutschland, Italien und der Schweiz und muss sich strengsten Tests unterziehen bevor es in den Verkauf geht. Mit ihren hochwertigen Perlon Armb\u00e4ndern, Lederarmb\u00e4ndern und deren Qualit\u00e4tsstandards geh\u00f6ren EULIT Armb\u00e4nder zum Besten was es f\u00fcr deine Uhr zu kaufen gibt.<\/p>\n","protected":false},"excerpt":{"rendered":"<p>Das 2-teilige Pacific Palma\u00a0Perlonband ist gro\u00dfartig. Es besteht aus einer Edelstahl Doppelschlie\u00dfe mit EULIT Log und sehr gut verarbeitetem, angenehm zu tragenden Perlon. Perlonb\u00e4nder dieser Qualit\u00e4t sehen einfach an jeder Uhr super aus!<\/p>\n<p><strong>Perlon:<\/strong>\u00a0Extrem weiches und angenehm zu tragendes Perlon<br \/>\n<strong>Schlie\u00dfe:<\/strong>\u00a0Rostfreies Edelstahl mit EULIT Logo<br \/>\n<strong>Gr\u00f6\u00dfe:<\/strong> 12,2 cm + 7,7 cm L\u00e4nge (ohne Schlie\u00dfe), 1,6 mm Dicke<\/p>\n","protected":false},"featured_media":228468,"comment_status":"open","ping_status":"closed","template":"","meta":[],"product_cat":[1539,2841,2835,342,334],"product_tag":[],"yoast_head":"<!-- This site is optimized with the Yoast SEO plugin v21.9 - https:\/\/yoast.com\/wordpress\/plugins\/seo\/ -->\n<title>Eulit Palma Pacific Perlonband - Schwarz - WATCHBANDIT<\/title>\n<meta name=\"description\" content=\"Eulit Perlon Uhrenarmb\u00e4nder bei WatchBandit kaufen \u2713 Trusted Shops zertifiziert \u2713 Nato-, Leder-, Milanaise-Armb\u00e4nder und viele mehr \u2713 Seit 2014 \u2713\" \/>\n<meta name=\"robots\" content=\"noindex, follow, max-snippet:-1, max-image-preview:large, max-video-preview:-1\" \/>\n<meta property=\"og:locale\" content=\"de_DE\" \/>\n<meta property=\"og:type\" content=\"article\" \/>\n<meta property=\"og:title\" content=\"Eulit Palma Pacific Perlonband - Schwarz - WATCHBANDIT\" \/>\n<meta property=\"og:description\" content=\"Eulit Perlon Uhrenarmb\u00e4nder bei WatchBandit kaufen \u2713 Trusted Shops zertifiziert \u2713 Nato-, Leder-, Milanaise-Armb\u00e4nder und viele mehr \u2713 Seit 2014 \u2713\" \/>\n<meta property=\"og:url\" content=\"https:\/\/watch-bandit.com\/de\/produkt\/eulit-palma-pacific-perlonband-schwarz\/\" \/>\n<meta property=\"og:site_name\" content=\"WATCHBANDIT\" \/>\n<meta property=\"article:modified_time\" content=\"2026-02-15T15:27:48+00:00\" \/>\n<meta property=\"og:image\" content=\"https:\/\/watch-bandit.com\/wp-content\/uploads\/2018\/08\/WB_-EULIT_palma-pacific_schwarz.jpg\" \/>\n\t<meta property=\"og:image:width\" content=\"1400\" \/>\n\t<meta property=\"og:image:height\" content=\"1700\" \/>\n\t<meta property=\"og:image:type\" content=\"image\/jpeg\" \/>\n<meta name=\"twitter:label1\" content=\"Gesch\u00e4tzte Lesezeit\" \/>\n\t<meta name=\"twitter:data1\" content=\"1 Minute\" \/>\n<script type=\"application\/ld+json\" class=\"yoast-schema-graph\">{\"@context\":\"https:\/\/schema.org\",\"@graph\":[{\"@type\":\"WebPage\",\"@id\":\"https:\/\/watch-bandit.com\/de\/produkt\/eulit-palma-pacific-perlonband-schwarz\/\",\"url\":\"https:\/\/watch-bandit.com\/de\/produkt\/eulit-palma-pacific-perlonband-schwarz\/\",\"name\":\"Eulit Palma Pacific Perlonband - Schwarz - WATCHBANDIT\",\"isPartOf\":{\"@id\":\"https:\/\/watch-bandit.com\/#website\"},\"datePublished\":\"2017-05-05T13:32:22+00:00\",\"dateModified\":\"2026-02-15T15:27:48+00:00\",\"description\":\"Eulit Perlon Uhrenarmb\u00e4nder bei WatchBandit kaufen \u2713 Trusted Shops zertifiziert \u2713 Nato-, Leder-, Milanaise-Armb\u00e4nder und viele mehr \u2713 Seit 2014 \u2713\",\"breadcrumb\":{\"@id\":\"https:\/\/watch-bandit.com\/de\/produkt\/eulit-palma-pacific-perlonband-schwarz\/#breadcrumb\"},\"inLanguage\":\"de-DE\",\"potentialAction\":[{\"@type\":\"ReadAction\",\"target\":[\"https:\/\/watch-bandit.com\/de\/produkt\/eulit-palma-pacific-perlonband-schwarz\/\"]}]},{\"@type\":\"BreadcrumbList\",\"@id\":\"https:\/\/watch-bandit.com\/de\/produkt\/eulit-palma-pacific-perlonband-schwarz\/#breadcrumb\",\"itemListElement\":[{\"@type\":\"ListItem\",\"position\":1,\"name\":\"Home\",\"item\":\"https:\/\/watchbandit.de\/\"},{\"@type\":\"ListItem\",\"position\":2,\"name\":\"Shop\",\"item\":\"https:\/\/watchbandit.de\/shop\/\"},{\"@type\":\"ListItem\",\"position\":3,\"name\":\"Watch Bands\",\"item\":\"https:\/\/watch-bandit.com\/products\/watch-bands\/\"},{\"@type\":\"ListItem\",\"position\":4,\"name\":\"Watch Strap Brands\",\"item\":\"https:\/\/watch-bandit.com\/products\/watch-bands\/watch-strap-brands\/\"},{\"@type\":\"ListItem\",\"position\":5,\"name\":\"Eulit\",\"item\":\"https:\/\/watch-bandit.com\/products\/watch-bands\/watch-strap-brands\/eulit\/\"},{\"@type\":\"ListItem\",\"position\":6,\"name\":\"Eulit Palma\",\"item\":\"https:\/\/watch-bandit.com\/products\/watch-bands\/watch-strap-brands\/eulit\/eulit-palma\/\"},{\"@type\":\"ListItem\",\"position\":7,\"name\":\"Eulit Palma Pacific Perlonband &#8211; Schwarz\"}]},{\"@type\":\"WebSite\",\"@id\":\"https:\/\/watch-bandit.com\/#website\",\"url\":\"https:\/\/watch-bandit.com\/\",\"name\":\"WATCHBANDIT\",\"description\":\"Contemporary Wrist Accessories\",\"publisher\":{\"@id\":\"https:\/\/watch-bandit.com\/#organization\"},\"potentialAction\":[{\"@type\":\"SearchAction\",\"target\":{\"@type\":\"EntryPoint\",\"urlTemplate\":\"https:\/\/watch-bandit.com\/?s={search_term_string}\"},\"query-input\":\"required name=search_term_string\"}],\"inLanguage\":\"de-DE\"},{\"@type\":\"Organization\",\"@id\":\"https:\/\/watch-bandit.com\/#organization\",\"name\":\"WatchBandit\",\"url\":\"https:\/\/watch-bandit.com\/\",\"logo\":{\"@type\":\"ImageObject\",\"inLanguage\":\"de-DE\",\"@id\":\"https:\/\/watch-bandit.com\/#\/schema\/logo\/image\/\",\"url\":\"https:\/\/watchbandit.de\/wp-content\/uploads\/2017\/11\/WB_Logo_557x124.png\",\"contentUrl\":\"https:\/\/watchbandit.de\/wp-content\/uploads\/2017\/11\/WB_Logo_557x124.png\",\"width\":557,\"height\":124,\"caption\":\"WatchBandit\"},\"image\":{\"@id\":\"https:\/\/watch-bandit.com\/#\/schema\/logo\/image\/\"}}]}<\/script>\n<!-- \/ Yoast SEO plugin. -->","yoast_head_json":{"title":"Eulit Palma Pacific Perlonband - Schwarz - WATCHBANDIT","description":"Eulit Perlon Uhrenarmb\u00e4nder bei WatchBandit kaufen \u2713 Trusted Shops zertifiziert \u2713 Nato-, Leder-, Milanaise-Armb\u00e4nder und viele mehr \u2713 Seit 2014 \u2713","robots":{"index":"noindex","follow":"follow","max-snippet":"max-snippet:-1","max-image-preview":"max-image-preview:large","max-video-preview":"max-video-preview:-1"},"og_locale":"de_DE","og_type":"article","og_title":"Eulit Palma Pacific Perlonband - Schwarz - WATCHBANDIT","og_description":"Eulit Perlon Uhrenarmb\u00e4nder bei WatchBandit kaufen \u2713 Trusted Shops zertifiziert \u2713 Nato-, Leder-, Milanaise-Armb\u00e4nder und viele mehr \u2713 Seit 2014 \u2713","og_url":"https:\/\/watch-bandit.com\/de\/produkt\/eulit-palma-pacific-perlonband-schwarz\/","og_site_name":"WATCHBANDIT","article_modified_time":"2026-02-15T15:27:48+00:00","og_image":[{"width":1400,"height":1700,"url":"https:\/\/watch-bandit.com\/wp-content\/uploads\/2018\/08\/WB_-EULIT_palma-pacific_schwarz.jpg","type":"image\/jpeg"}],"twitter_misc":{"Gesch\u00e4tzte Lesezeit":"1 Minute"},"schema":{"@context":"https:\/\/schema.org","@graph":[{"@type":"WebPage","@id":"https:\/\/watch-bandit.com\/de\/produkt\/eulit-palma-pacific-perlonband-schwarz\/","url":"https:\/\/watch-bandit.com\/de\/produkt\/eulit-palma-pacific-perlonband-schwarz\/","name":"Eulit Palma Pacific Perlonband - Schwarz - WATCHBANDIT","isPartOf":{"@id":"https:\/\/watch-bandit.com\/#website"},"datePublished":"2017-05-05T13:32:22+00:00","dateModified":"2026-02-15T15:27:48+00:00","description":"Eulit Perlon Uhrenarmb\u00e4nder bei WatchBandit kaufen \u2713 Trusted Shops zertifiziert \u2713 Nato-, Leder-, Milanaise-Armb\u00e4nder und viele mehr \u2713 Seit 2014 \u2713","breadcrumb":{"@id":"https:\/\/watch-bandit.com\/de\/produkt\/eulit-palma-pacific-perlonband-schwarz\/#breadcrumb"},"inLanguage":"de-DE","potentialAction":[{"@type":"ReadAction","target":["https:\/\/watch-bandit.com\/de\/produkt\/eulit-palma-pacific-perlonband-schwarz\/"]}]},{"@type":"BreadcrumbList","@id":"https:\/\/watch-bandit.com\/de\/produkt\/eulit-palma-pacific-perlonband-schwarz\/#breadcrumb","itemListElement":[{"@type":"ListItem","position":1,"name":"Home","item":"https:\/\/watchbandit.de\/"},{"@type":"ListItem","position":2,"name":"Shop","item":"https:\/\/watchbandit.de\/shop\/"},{"@type":"ListItem","position":3,"name":"Watch Bands","item":"https:\/\/watch-bandit.com\/products\/watch-bands\/"},{"@type":"ListItem","position":4,"name":"Watch Strap Brands","item":"https:\/\/watch-bandit.com\/products\/watch-bands\/watch-strap-brands\/"},{"@type":"ListItem","position":5,"name":"Eulit","item":"https:\/\/watch-bandit.com\/products\/watch-bands\/watch-strap-brands\/eulit\/"},{"@type":"ListItem","position":6,"name":"Eulit Palma","item":"https:\/\/watch-bandit.com\/products\/watch-bands\/watch-strap-brands\/eulit\/eulit-palma\/"},{"@type":"ListItem","position":7,"name":"Eulit Palma Pacific Perlonband &#8211; Schwarz"}]},{"@type":"WebSite","@id":"https:\/\/watch-bandit.com\/#website","url":"https:\/\/watch-bandit.com\/","name":"WATCHBANDIT","description":"Contemporary Wrist Accessories","publisher":{"@id":"https:\/\/watch-bandit.com\/#organization"},"potentialAction":[{"@type":"SearchAction","target":{"@type":"EntryPoint","urlTemplate":"https:\/\/watch-bandit.com\/?s={search_term_string}"},"query-input":"required name=search_term_string"}],"inLanguage":"de-DE"},{"@type":"Organization","@id":"https:\/\/watch-bandit.com\/#organization","name":"WatchBandit","url":"https:\/\/watch-bandit.com\/","logo":{"@type":"ImageObject","inLanguage":"de-DE","@id":"https:\/\/watch-bandit.com\/#\/schema\/logo\/image\/","url":"https:\/\/watchbandit.de\/wp-content\/uploads\/2017\/11\/WB_Logo_557x124.png","contentUrl":"https:\/\/watchbandit.de\/wp-content\/uploads\/2017\/11\/WB_Logo_557x124.png","width":557,"height":124,"caption":"WatchBandit"},"image":{"@id":"https:\/\/watch-bandit.com\/#\/schema\/logo\/image\/"}}]}},"_links":{"self":[{"href":"https:\/\/watch-bandit.com\/de\/wp-json\/wp\/v2\/product\/93709"}],"collection":[{"href":"https:\/\/watch-bandit.com\/de\/wp-json\/wp\/v2\/product"}],"about":[{"href":"https:\/\/watch-bandit.com\/de\/wp-json\/wp\/v2\/types\/product"}],"replies":[{"embeddable":true,"href":"https:\/\/watch-bandit.com\/de\/wp-json\/wp\/v2\/comments?post=93709"}],"wp:featuredmedia":[{"embeddable":true,"href":"https:\/\/watch-bandit.com\/de\/wp-json\/wp\/v2\/media\/228468"}],"wp:attachment":[{"href":"https:\/\/watch-bandit.com\/de\/wp-json\/wp\/v2\/media?parent=93709"}],"wp:term":[{"taxonomy":"product_cat","embeddable":true,"href":"https:\/\/watch-bandit.com\/de\/wp-json\/wp\/v2\/product_cat?post=93709"},{"taxonomy":"product_tag","embeddable":true,"href":"https:\/\/watch-bandit.com\/de\/wp-json\/wp\/v2\/product_tag?post=93709"}],"curies":[{"name":"wp","href":"https:\/\/api.w.org\/{rel}","templated":true}]}}